{"id":2,"date":"2023-11-13T12:15:30","date_gmt":"2023-11-13T11:15:30","guid":{"rendered":"http:\/\/encor-naturisme.com\/?page_id=2"},"modified":"2025-04-10T16:37:48","modified_gmt":"2025-04-10T14:37:48","slug":"page-d-exemple","status":"publish","type":"page","link":"https:\/\/encor-naturisme.com\/","title":{"rendered":"\u00c9lan Naturiste de la C\u00f4te d&rsquo;Opale et de sa R\u00e9gion"},"content":{"rendered":"\n<h2 class=\"wp-block-heading has-text-align-center\">Une Association Naturiste du Nord \u2013 Pas-de-Calais<\/h2>\n\n\n\n<figure class=\"wp-block-image size-full is-resized\"><img loading=\"lazy\" decoding=\"async\" width=\"1024\" height=\"632\" src=\"https:\/\/encor-naturisme.com\/wp-content\/uploads\/2023\/11\/Pavillon-daccueil-1024x632-1.jpg\" alt=\"Barri\u00e8re d'accueil du terrain\" class=\"wp-image-21\" style=\"width:1140px;height:auto\" srcset=\"https:\/\/encor-naturisme.com\/wp-content\/uploads\/2023\/11\/Pavillon-daccueil-1024x632-1.jpg 1024w, https:\/\/encor-naturisme.com\/wp-content\/uploads\/2023\/11\/Pavillon-daccueil-1024x632-1-300x185.jpg 300w, https:\/\/encor-naturisme.com\/wp-content\/uploads\/2023\/11\/Pavillon-daccueil-1024x632-1-768x474.jpg 768w\" sizes=\"auto, (max-width: 1024px) 100vw, 1024px\" \/><\/figure>\n\n\n\n<div style=\"height:103px\" aria-hidden=\"true\" class=\"wp-block-spacer\"><\/div>\n\n\n\n<div class=\"wp-block-media-text has-media-on-the-right is-stacked-on-mobile has-medium-font-size\"><div class=\"wp-block-media-text__content\">\n<p>Naturisme \u00e0 Oye-Plage dans le Nord-Pas-de-Calais depuis 1990. L&rsquo;<strong>ENCOR<\/strong> vous accueille sur 18 ha de nature en C\u00f4te d\u2019Opale. Convivialit\u00e9, respect et nature au programme.<\/p>\n<\/div><figure class=\"wp-block-media-text__media\"><img loading=\"lazy\" decoding=\"async\" width=\"300\" height=\"101\" src=\"https:\/\/encor-naturisme.com\/wp-content\/uploads\/2023\/11\/Logo-FFN_2013-web-_allonge-RVB1-300x101-1.jpg\" alt=\"Logo de la f\u00e9d\u00e9ration fran\u00e7aise de naturisme\" class=\"wp-image-45 size-full\"\/><\/figure><\/div>\n\n\n\n<div style=\"height:103px\" aria-hidden=\"true\" class=\"wp-block-spacer\"><\/div>\n\n\n\n<div class=\"wp-block-media-text is-stacked-on-mobile has-medium-font-size\"><figure class=\"wp-block-media-text__media\"><img loading=\"lazy\" decoding=\"async\" width=\"448\" height=\"136\" src=\"https:\/\/encor-naturisme.com\/wp-content\/uploads\/2023\/11\/HDFN_2013-web_L.jpg\" alt=\"Logo de la f\u00e9d\u00e9ration fran\u00e7aise de naturisme\" class=\"wp-image-46 size-full\" srcset=\"https:\/\/encor-naturisme.com\/wp-content\/uploads\/2023\/11\/HDFN_2013-web_L.jpg 448w, https:\/\/encor-naturisme.com\/wp-content\/uploads\/2023\/11\/HDFN_2013-web_L-300x91.jpg 300w\" sizes=\"auto, (max-width: 448px) 100vw, 448px\" \/><\/figure><div class=\"wp-block-media-text__content\">\n<p>Notre association est affili\u00e9e, sur le plan national, \u00e0 la F\u00e9d\u00e9ration Fran\u00e7aise de Naturisme (F.F.N) et, sur le plan r\u00e9gional, aux Hauts De France Naturistes (H.D.F.N).<\/p>\n<\/div><\/div>\n\n\n\n<div style=\"height:103px\" aria-hidden=\"true\" class=\"wp-block-spacer\"><\/div>\n\n\n\n<blockquote class=\"wp-block-quote is-layout-flow wp-block-quote-is-layout-flow\">\n<p><em>D\u00e9finition du Naturisme :<\/em><\/p>\n\n\n\n<p><strong><em>\u00ab Le naturisme est&nbsp;une mani\u00e8re de vivre en harmonie avec la nature, caract\u00e9ris\u00e9e par la pratique de la nudit\u00e9 en commun, et qui a pour cons\u00e9quence de favoriser le respect de soi-m\u00eame, le respect des autres et de l\u2019environnement \u00bb<\/em><\/strong><\/p>\n<cite>F\u00e9d\u00e9ration Fran\u00e7aise de Naturisme<\/cite><\/blockquote>\n\n\n\n<div style=\"height:103px\" aria-hidden=\"true\" class=\"wp-block-spacer\"><\/div>\n\n\n\n<h2 class=\"wp-block-heading has-text-align-center\">Notre charte naturiste<\/h2>\n\n\n\n<h3 class=\"wp-block-heading\">Nature<\/h3>\n\n\n\n<p>Cette philosophie de vie que nous choisissons, le Naturisme, comprend ces quelques lettres qui nous guident dans notre recherche du vrai, du sinc\u00e8re.<\/p>\n\n\n\n<h3 class=\"wp-block-heading\">Amiti\u00e9<\/h3>\n\n\n\n<p>Comme dans toute association o\u00f9 chacun partage une id\u00e9e commune, nous sommes conduits \u00e0 nous unir en amiti\u00e9 avec tous ceux qui communient \u00e0 ce m\u00eame id\u00e9al, \u00e0 partager ensemble un m\u00eame savoir vivre.<\/p>\n\n\n\n<h3 class=\"wp-block-heading\">Tol\u00e9rance<\/h3>\n\n\n\n<p>Cette qualit\u00e9 fait partie int\u00e9grante de la philosophie naturiste, mais aussi de tout savoir-vivre. Elle doit \u00eatre entretenue et pr\u00e9serv\u00e9e de toute agression n\u00e9faste.<\/p>\n\n\n\n<h3 class=\"wp-block-heading\">Unit\u00e9<\/h3>\n\n\n\n<p>Elle correspond \u00e0 notre id\u00e9al de vie de plus en plus r\u00e9pandu \u00e0 travers le monde. L\u2019unit\u00e9 autour d\u2019une vie saine et naturelle pr\u00e9serve notre source de vie, \u00ab&nbsp;LA NATURE&nbsp;\u00bb.<\/p>\n\n\n\n<h3 class=\"wp-block-heading\">Respect<\/h3>\n\n\n\n<p>Il est n\u00e9cessaire au m\u00eame titre que la tol\u00e9rance, car il fait partie de cette philosophie naturiste et du savoir vivre, que nous d\u00e9veloppons tout autour de nous.<\/p>\n\n\n\n<h3 class=\"wp-block-heading\">\u00c9vasion<\/h3>\n\n\n\n<p>Enfin nous sortons de nous-m\u00eames. Nous nous d\u00e9barrassons de nos pr\u00e9jug\u00e9s car nous devenons vrais aux yeux de tous, \u00e0 la fois dans la valorisation et l\u2019acceptation de notre corps mais aussi dans la v\u00e9rit\u00e9 et la simplicit\u00e9 de nos relations humaines.<\/p>\n\n\n\n<h3 class=\"wp-block-heading\">Libert\u00e9<\/h3>\n\n\n\n<p>Elle fait partie de la d\u00e9finition de la r\u00e9publique fran\u00e7aise, du naturisme.&nbsp; Pr\u00e9servons l\u00e0. D\u00e9veloppons l\u00e0&nbsp;!<\/p>\n\n\n\n<div style=\"height:103px\" aria-hidden=\"true\" class=\"wp-block-spacer\"><\/div>\n","protected":false},"excerpt":{"rendered":"<p>Une Association Naturiste du Nord \u2013 Pas-de-Calais Naturisme \u00e0 Oye-Plage dans le Nord-Pas-de-Calais depuis 1990. L&rsquo;ENCOR vous accueille sur 18 ha de nature en C\u00f4te d\u2019Opale. Convivialit\u00e9, respect et nature au programme. Notre association est affili\u00e9e, sur le plan national, \u00e0 la F\u00e9d\u00e9ration Fran\u00e7aise de Naturisme (F.F.N) et, sur le plan r\u00e9gional, aux Hauts De &hellip; <\/p>\n<p class=\"link-more\"><a href=\"https:\/\/encor-naturisme.com\/\" class=\"more-link\">Lire la suite de<span class=\"screen-reader-text\">\u00ab\u00a0\u00c9lan Naturiste de la C\u00f4te d&rsquo;Opale et de sa R\u00e9gion\u00a0\u00bb<\/span><\/a><\/p>\n","protected":false},"author":1,"featured_media":0,"parent":0,"menu_order":0,"comment_status":"closed","ping_status":"open","template":"","meta":{"_inspiro_hide_title":false,"footnotes":""},"class_list":["post-2","page","type-page","status-publish","hentry"],"yoast_head":"<!-- This site is optimized with the Yoast SEO plugin v27.4 - https:\/\/yoast.com\/product\/yoast-seo-wordpress\/ -->\n<title>\u00c9lan Naturiste de la C\u00f4te d&#039;Opale et de sa R\u00e9gion - ENCOR<\/title>\n<meta name=\"robots\" content=\"index, follow, max-snippet:-1, max-image-preview:large, max-video-preview:-1\" \/>\n<link rel=\"canonical\" href=\"https:\/\/encor-naturisme.com\/\" \/>\n<meta property=\"og:locale\" content=\"fr_FR\" \/>\n<meta property=\"og:type\" content=\"article\" \/>\n<meta property=\"og:title\" content=\"\u00c9lan Naturiste de la C\u00f4te d&#039;Opale et de sa R\u00e9gion - ENCOR\" \/>\n<meta property=\"og:description\" content=\"Une Association Naturiste du Nord \u2013 Pas-de-Calais Naturisme \u00e0 Oye-Plage dans le Nord-Pas-de-Calais depuis 1990. L&rsquo;ENCOR vous accueille sur 18 ha de nature en C\u00f4te d\u2019Opale. Convivialit\u00e9, respect et nature au programme. Notre association est affili\u00e9e, sur le plan national, \u00e0 la F\u00e9d\u00e9ration Fran\u00e7aise de Naturisme (F.F.N) et, sur le plan r\u00e9gional, aux Hauts De &hellip; Lire la suite de\u00ab\u00a0\u00c9lan Naturiste de la C\u00f4te d&rsquo;Opale et de sa R\u00e9gion\u00a0\u00bb\" \/>\n<meta property=\"og:url\" content=\"https:\/\/encor-naturisme.com\/\" \/>\n<meta property=\"og:site_name\" content=\"ENCOR\" \/>\n<meta property=\"article:publisher\" content=\"https:\/\/www.facebook.com\/p\/Association-de-lENCOR-lan-Naturiste-de-la-Cte-dOpale-et-sa-Rgion-100087619676619\/\" \/>\n<meta property=\"article:modified_time\" content=\"2025-04-10T14:37:48+00:00\" \/>\n<meta property=\"og:image\" content=\"https:\/\/encor-naturisme.com\/wp-content\/uploads\/2023\/11\/Pavillon-daccueil-1024x632-1.jpg\" \/>\n\t<meta property=\"og:image:width\" content=\"1024\" \/>\n\t<meta property=\"og:image:height\" content=\"632\" \/>\n\t<meta property=\"og:image:type\" content=\"image\/jpeg\" \/>\n<meta name=\"twitter:card\" content=\"summary_large_image\" \/>\n<meta name=\"twitter:label1\" content=\"Dur\u00e9e de lecture estim\u00e9e\" \/>\n\t<meta name=\"twitter:data1\" content=\"2 minutes\" \/>\n<script type=\"application\/ld+json\" class=\"yoast-schema-graph\">{\"@context\":\"https:\\\/\\\/schema.org\",\"@graph\":[{\"@type\":\"WebPage\",\"@id\":\"https:\\\/\\\/encor-naturisme.com\\\/\",\"url\":\"https:\\\/\\\/encor-naturisme.com\\\/\",\"name\":\"\u00c9lan Naturiste de la C\u00f4te d'Opale et de sa R\u00e9gion - ENCOR\",\"isPartOf\":{\"@id\":\"https:\\\/\\\/encor-naturisme.com\\\/#website\"},\"primaryImageOfPage\":{\"@id\":\"https:\\\/\\\/encor-naturisme.com\\\/#primaryimage\"},\"image\":{\"@id\":\"https:\\\/\\\/encor-naturisme.com\\\/#primaryimage\"},\"thumbnailUrl\":\"https:\\\/\\\/encor-naturisme.com\\\/wp-content\\\/uploads\\\/2023\\\/11\\\/Pavillon-daccueil-1024x632-1.jpg\",\"datePublished\":\"2023-11-13T11:15:30+00:00\",\"dateModified\":\"2025-04-10T14:37:48+00:00\",\"breadcrumb\":{\"@id\":\"https:\\\/\\\/encor-naturisme.com\\\/#breadcrumb\"},\"inLanguage\":\"fr-FR\",\"potentialAction\":[{\"@type\":\"ReadAction\",\"target\":[\"https:\\\/\\\/encor-naturisme.com\\\/\"]}]},{\"@type\":\"ImageObject\",\"inLanguage\":\"fr-FR\",\"@id\":\"https:\\\/\\\/encor-naturisme.com\\\/#primaryimage\",\"url\":\"https:\\\/\\\/encor-naturisme.com\\\/wp-content\\\/uploads\\\/2023\\\/11\\\/Pavillon-daccueil-1024x632-1.jpg\",\"contentUrl\":\"https:\\\/\\\/encor-naturisme.com\\\/wp-content\\\/uploads\\\/2023\\\/11\\\/Pavillon-daccueil-1024x632-1.jpg\",\"width\":1024,\"height\":632,\"caption\":\"Barri\u00e8re d'accueil du terrain\"},{\"@type\":\"BreadcrumbList\",\"@id\":\"https:\\\/\\\/encor-naturisme.com\\\/#breadcrumb\",\"itemListElement\":[{\"@type\":\"ListItem\",\"position\":1,\"name\":\"Accueil\",\"item\":\"https:\\\/\\\/encor-naturisme.com\\\/\"},{\"@type\":\"ListItem\",\"position\":2,\"name\":\"\u00c9lan Naturiste de la C\u00f4te d&rsquo;Opale et de sa R\u00e9gion\"}]},{\"@type\":\"WebSite\",\"@id\":\"https:\\\/\\\/encor-naturisme.com\\\/#website\",\"url\":\"https:\\\/\\\/encor-naturisme.com\\\/\",\"name\":\"ENCOR Naturisme \u2013 C\u00f4te d\u2019Opale, Nord-Pas-de-Calais\",\"description\":\"Association naturiste \u00e0 Oye-Plage \u2013 Libert\u00e9, nature, convivialit\u00e9\",\"publisher\":{\"@id\":\"https:\\\/\\\/encor-naturisme.com\\\/#organization\"},\"alternateName\":\"\u00c9lan Naturiste de la C\u00f4te d\u2019Opale et de sa R\u00e9gion\",\"potentialAction\":[{\"@type\":\"SearchAction\",\"target\":{\"@type\":\"EntryPoint\",\"urlTemplate\":\"https:\\\/\\\/encor-naturisme.com\\\/?s={search_term_string}\"},\"query-input\":{\"@type\":\"PropertyValueSpecification\",\"valueRequired\":true,\"valueName\":\"search_term_string\"}}],\"inLanguage\":\"fr-FR\"},{\"@type\":\"Organization\",\"@id\":\"https:\\\/\\\/encor-naturisme.com\\\/#organization\",\"name\":\"ENCOR\",\"alternateName\":\"\u00c9lan Naturiste de la C\u00f4te d'Opale et de sa R\u00e9gion\",\"url\":\"https:\\\/\\\/encor-naturisme.com\\\/\",\"logo\":{\"@type\":\"ImageObject\",\"inLanguage\":\"fr-FR\",\"@id\":\"https:\\\/\\\/encor-naturisme.com\\\/#\\\/schema\\\/logo\\\/image\\\/\",\"url\":\"https:\\\/\\\/encor-naturisme.com\\\/wp-content\\\/uploads\\\/2023\\\/11\\\/cropped-logo_encor_128.png\",\"contentUrl\":\"https:\\\/\\\/encor-naturisme.com\\\/wp-content\\\/uploads\\\/2023\\\/11\\\/cropped-logo_encor_128.png\",\"width\":181,\"height\":128,\"caption\":\"ENCOR\"},\"image\":{\"@id\":\"https:\\\/\\\/encor-naturisme.com\\\/#\\\/schema\\\/logo\\\/image\\\/\"},\"sameAs\":[\"https:\\\/\\\/www.facebook.com\\\/p\\\/Association-de-lENCOR-lan-Naturiste-de-la-Cte-dOpale-et-sa-Rgion-100087619676619\\\/\"]}]}<\/script>\n<!-- \/ Yoast SEO plugin. -->","yoast_head_json":{"title":"\u00c9lan Naturiste de la C\u00f4te d'Opale et de sa R\u00e9gion - ENCOR","robots":{"index":"index","follow":"follow","max-snippet":"max-snippet:-1","max-image-preview":"max-image-preview:large","max-video-preview":"max-video-preview:-1"},"canonical":"https:\/\/encor-naturisme.com\/","og_locale":"fr_FR","og_type":"article","og_title":"\u00c9lan Naturiste de la C\u00f4te d'Opale et de sa R\u00e9gion - ENCOR","og_description":"Une Association Naturiste du Nord \u2013 Pas-de-Calais Naturisme \u00e0 Oye-Plage dans le Nord-Pas-de-Calais depuis 1990. L&rsquo;ENCOR vous accueille sur 18 ha de nature en C\u00f4te d\u2019Opale. Convivialit\u00e9, respect et nature au programme. Notre association est affili\u00e9e, sur le plan national, \u00e0 la F\u00e9d\u00e9ration Fran\u00e7aise de Naturisme (F.F.N) et, sur le plan r\u00e9gional, aux Hauts De &hellip; Lire la suite de\u00ab\u00a0\u00c9lan Naturiste de la C\u00f4te d&rsquo;Opale et de sa R\u00e9gion\u00a0\u00bb","og_url":"https:\/\/encor-naturisme.com\/","og_site_name":"ENCOR","article_publisher":"https:\/\/www.facebook.com\/p\/Association-de-lENCOR-lan-Naturiste-de-la-Cte-dOpale-et-sa-Rgion-100087619676619\/","article_modified_time":"2025-04-10T14:37:48+00:00","og_image":[{"width":1024,"height":632,"url":"https:\/\/encor-naturisme.com\/wp-content\/uploads\/2023\/11\/Pavillon-daccueil-1024x632-1.jpg","type":"image\/jpeg"}],"twitter_card":"summary_large_image","twitter_misc":{"Dur\u00e9e de lecture estim\u00e9e":"2 minutes"},"schema":{"@context":"https:\/\/schema.org","@graph":[{"@type":"WebPage","@id":"https:\/\/encor-naturisme.com\/","url":"https:\/\/encor-naturisme.com\/","name":"\u00c9lan Naturiste de la C\u00f4te d'Opale et de sa R\u00e9gion - ENCOR","isPartOf":{"@id":"https:\/\/encor-naturisme.com\/#website"},"primaryImageOfPage":{"@id":"https:\/\/encor-naturisme.com\/#primaryimage"},"image":{"@id":"https:\/\/encor-naturisme.com\/#primaryimage"},"thumbnailUrl":"https:\/\/encor-naturisme.com\/wp-content\/uploads\/2023\/11\/Pavillon-daccueil-1024x632-1.jpg","datePublished":"2023-11-13T11:15:30+00:00","dateModified":"2025-04-10T14:37:48+00:00","breadcrumb":{"@id":"https:\/\/encor-naturisme.com\/#breadcrumb"},"inLanguage":"fr-FR","potentialAction":[{"@type":"ReadAction","target":["https:\/\/encor-naturisme.com\/"]}]},{"@type":"ImageObject","inLanguage":"fr-FR","@id":"https:\/\/encor-naturisme.com\/#primaryimage","url":"https:\/\/encor-naturisme.com\/wp-content\/uploads\/2023\/11\/Pavillon-daccueil-1024x632-1.jpg","contentUrl":"https:\/\/encor-naturisme.com\/wp-content\/uploads\/2023\/11\/Pavillon-daccueil-1024x632-1.jpg","width":1024,"height":632,"caption":"Barri\u00e8re d'accueil du terrain"},{"@type":"BreadcrumbList","@id":"https:\/\/encor-naturisme.com\/#breadcrumb","itemListElement":[{"@type":"ListItem","position":1,"name":"Accueil","item":"https:\/\/encor-naturisme.com\/"},{"@type":"ListItem","position":2,"name":"\u00c9lan Naturiste de la C\u00f4te d&rsquo;Opale et de sa R\u00e9gion"}]},{"@type":"WebSite","@id":"https:\/\/encor-naturisme.com\/#website","url":"https:\/\/encor-naturisme.com\/","name":"ENCOR Naturisme \u2013 C\u00f4te d\u2019Opale, Nord-Pas-de-Calais","description":"Association naturiste \u00e0 Oye-Plage \u2013 Libert\u00e9, nature, convivialit\u00e9","publisher":{"@id":"https:\/\/encor-naturisme.com\/#organization"},"alternateName":"\u00c9lan Naturiste de la C\u00f4te d\u2019Opale et de sa R\u00e9gion","potentialAction":[{"@type":"SearchAction","target":{"@type":"EntryPoint","urlTemplate":"https:\/\/encor-naturisme.com\/?s={search_term_string}"},"query-input":{"@type":"PropertyValueSpecification","valueRequired":true,"valueName":"search_term_string"}}],"inLanguage":"fr-FR"},{"@type":"Organization","@id":"https:\/\/encor-naturisme.com\/#organization","name":"ENCOR","alternateName":"\u00c9lan Naturiste de la C\u00f4te d'Opale et de sa R\u00e9gion","url":"https:\/\/encor-naturisme.com\/","logo":{"@type":"ImageObject","inLanguage":"fr-FR","@id":"https:\/\/encor-naturisme.com\/#\/schema\/logo\/image\/","url":"https:\/\/encor-naturisme.com\/wp-content\/uploads\/2023\/11\/cropped-logo_encor_128.png","contentUrl":"https:\/\/encor-naturisme.com\/wp-content\/uploads\/2023\/11\/cropped-logo_encor_128.png","width":181,"height":128,"caption":"ENCOR"},"image":{"@id":"https:\/\/encor-naturisme.com\/#\/schema\/logo\/image\/"},"sameAs":["https:\/\/www.facebook.com\/p\/Association-de-lENCOR-lan-Naturiste-de-la-Cte-dOpale-et-sa-Rgion-100087619676619\/"]}]}},"_links":{"self":[{"href":"https:\/\/encor-naturisme.com\/index.php\/wp-json\/wp\/v2\/pages\/2","targetHints":{"allow":["GET"]}}],"collection":[{"href":"https:\/\/encor-naturisme.com\/index.php\/wp-json\/wp\/v2\/pages"}],"about":[{"href":"https:\/\/encor-naturisme.com\/index.php\/wp-json\/wp\/v2\/types\/page"}],"author":[{"embeddable":true,"href":"https:\/\/encor-naturisme.com\/index.php\/wp-json\/wp\/v2\/users\/1"}],"replies":[{"embeddable":true,"href":"https:\/\/encor-naturisme.com\/index.php\/wp-json\/wp\/v2\/comments?post=2"}],"version-history":[{"count":22,"href":"https:\/\/encor-naturisme.com\/index.php\/wp-json\/wp\/v2\/pages\/2\/revisions"}],"predecessor-version":[{"id":292,"href":"https:\/\/encor-naturisme.com\/index.php\/wp-json\/wp\/v2\/pages\/2\/revisions\/292"}],"wp:attachment":[{"href":"https:\/\/encor-naturisme.com\/index.php\/wp-json\/wp\/v2\/media?parent=2"}],"curies":[{"name":"wp","href":"https:\/\/api.w.org\/{rel}","templated":true}]}}