{"id":188,"date":"2024-01-21T16:42:09","date_gmt":"2024-01-21T15:42:09","guid":{"rendered":"https:\/\/encor-naturisme.com\/?page_id=188"},"modified":"2024-01-21T16:43:54","modified_gmt":"2024-01-21T15:43:54","slug":"nos-repas-en-commun-mensuels","status":"publish","type":"page","link":"https:\/\/encor-naturisme.com\/index.php\/nos-repas-en-commun-mensuels\/","title":{"rendered":"Nos repas en commun mensuels"},"content":{"rendered":"\n<h4 class=\"wp-block-heading has-text-align-left\">Tous les plats sont cuits au barbecue<\/h4>\n\n\n\n<figure class=\"wp-block-image aligncenter size-large\"><img loading=\"lazy\" decoding=\"async\" width=\"871\" height=\"1024\" src=\"https:\/\/encor-naturisme.com\/wp-content\/uploads\/2024\/01\/01-Apero-pig-pong-871x1024.jpg\" alt=\"\" class=\"wp-image-189\" srcset=\"https:\/\/encor-naturisme.com\/wp-content\/uploads\/2024\/01\/01-Apero-pig-pong-871x1024.jpg 871w, https:\/\/encor-naturisme.com\/wp-content\/uploads\/2024\/01\/01-Apero-pig-pong-255x300.jpg 255w, https:\/\/encor-naturisme.com\/wp-content\/uploads\/2024\/01\/01-Apero-pig-pong-768x903.jpg 768w, https:\/\/encor-naturisme.com\/wp-content\/uploads\/2024\/01\/01-Apero-pig-pong-1306x1536.jpg 1306w, https:\/\/encor-naturisme.com\/wp-content\/uploads\/2024\/01\/01-Apero-pig-pong-1741x2048.jpg 1741w, https:\/\/encor-naturisme.com\/wp-content\/uploads\/2024\/01\/01-Apero-pig-pong-2000x2352.jpg 2000w\" sizes=\"auto, (max-width: 871px) 100vw, 871px\" \/><\/figure>\n\n\n\n<figure class=\"wp-block-image aligncenter size-large\"><img loading=\"lazy\" decoding=\"async\" width=\"1024\" height=\"768\" src=\"https:\/\/encor-naturisme.com\/wp-content\/uploads\/2024\/01\/02-repas-traiteur-1024x768.jpg\" alt=\"\" class=\"wp-image-190\" srcset=\"https:\/\/encor-naturisme.com\/wp-content\/uploads\/2024\/01\/02-repas-traiteur-1024x768.jpg 1024w, https:\/\/encor-naturisme.com\/wp-content\/uploads\/2024\/01\/02-repas-traiteur-300x225.jpg 300w, https:\/\/encor-naturisme.com\/wp-content\/uploads\/2024\/01\/02-repas-traiteur-768x576.jpg 768w, https:\/\/encor-naturisme.com\/wp-content\/uploads\/2024\/01\/02-repas-traiteur-1536x1152.jpg 1536w, https:\/\/encor-naturisme.com\/wp-content\/uploads\/2024\/01\/02-repas-traiteur-2048x1536.jpg 2048w, https:\/\/encor-naturisme.com\/wp-content\/uploads\/2024\/01\/02-repas-traiteur-2000x1500.jpg 2000w\" sizes=\"auto, (max-width: 1024px) 100vw, 1024px\" \/><\/figure>\n\n\n\n<figure class=\"wp-block-image aligncenter size-large\"><img loading=\"lazy\" decoding=\"async\" width=\"1024\" height=\"698\" src=\"https:\/\/encor-naturisme.com\/wp-content\/uploads\/2024\/01\/03-Prepa-brochettes-1024x698.jpg\" alt=\"\" class=\"wp-image-191\" srcset=\"https:\/\/encor-naturisme.com\/wp-content\/uploads\/2024\/01\/03-Prepa-brochettes-1024x698.jpg 1024w, https:\/\/encor-naturisme.com\/wp-content\/uploads\/2024\/01\/03-Prepa-brochettes-300x204.jpg 300w, https:\/\/encor-naturisme.com\/wp-content\/uploads\/2024\/01\/03-Prepa-brochettes-768x523.jpg 768w, https:\/\/encor-naturisme.com\/wp-content\/uploads\/2024\/01\/03-Prepa-brochettes-1536x1047.jpg 1536w, https:\/\/encor-naturisme.com\/wp-content\/uploads\/2024\/01\/03-Prepa-brochettes-2048x1395.jpg 2048w, https:\/\/encor-naturisme.com\/wp-content\/uploads\/2024\/01\/03-Prepa-brochettes-2000x1363.jpg 2000w\" sizes=\"auto, (max-width: 1024px) 100vw, 1024px\" \/><\/figure>\n\n\n\n<figure class=\"wp-block-image aligncenter size-large\"><img loading=\"lazy\" decoding=\"async\" width=\"835\" height=\"1024\" src=\"https:\/\/encor-naturisme.com\/wp-content\/uploads\/2024\/01\/04Cuisson-Brochettes-835x1024.jpg\" alt=\"\" class=\"wp-image-192\" srcset=\"https:\/\/encor-naturisme.com\/wp-content\/uploads\/2024\/01\/04Cuisson-Brochettes-835x1024.jpg 835w, https:\/\/encor-naturisme.com\/wp-content\/uploads\/2024\/01\/04Cuisson-Brochettes-245x300.jpg 245w, https:\/\/encor-naturisme.com\/wp-content\/uploads\/2024\/01\/04Cuisson-Brochettes-768x942.jpg 768w, https:\/\/encor-naturisme.com\/wp-content\/uploads\/2024\/01\/04Cuisson-Brochettes-1253x1536.jpg 1253w, https:\/\/encor-naturisme.com\/wp-content\/uploads\/2024\/01\/04Cuisson-Brochettes-1670x2048.jpg 1670w, https:\/\/encor-naturisme.com\/wp-content\/uploads\/2024\/01\/04Cuisson-Brochettes.jpg 1922w\" sizes=\"auto, (max-width: 835px) 100vw, 835px\" \/><\/figure>\n\n\n\n<figure class=\"wp-block-image aligncenter size-large\"><img loading=\"lazy\" decoding=\"async\" width=\"1024\" height=\"914\" src=\"https:\/\/encor-naturisme.com\/wp-content\/uploads\/2024\/01\/05-Rotis-1-1024x914.jpg\" alt=\"\" class=\"wp-image-193\" srcset=\"https:\/\/encor-naturisme.com\/wp-content\/uploads\/2024\/01\/05-Rotis-1-1024x914.jpg 1024w, https:\/\/encor-naturisme.com\/wp-content\/uploads\/2024\/01\/05-Rotis-1-300x268.jpg 300w, https:\/\/encor-naturisme.com\/wp-content\/uploads\/2024\/01\/05-Rotis-1-768x686.jpg 768w, https:\/\/encor-naturisme.com\/wp-content\/uploads\/2024\/01\/05-Rotis-1-1536x1372.jpg 1536w, https:\/\/encor-naturisme.com\/wp-content\/uploads\/2024\/01\/05-Rotis-1-2048x1829.jpg 2048w, https:\/\/encor-naturisme.com\/wp-content\/uploads\/2024\/01\/05-Rotis-1-2000x1786.jpg 2000w\" sizes=\"auto, (max-width: 1024px) 100vw, 1024px\" \/><\/figure>\n\n\n\n<figure class=\"wp-block-image aligncenter size-large\"><img loading=\"lazy\" decoding=\"async\" width=\"1024\" height=\"685\" src=\"https:\/\/encor-naturisme.com\/wp-content\/uploads\/2024\/01\/06-Poulets-Bronzes-1024x685.jpg\" alt=\"\" class=\"wp-image-194\" srcset=\"https:\/\/encor-naturisme.com\/wp-content\/uploads\/2024\/01\/06-Poulets-Bronzes-1024x685.jpg 1024w, https:\/\/encor-naturisme.com\/wp-content\/uploads\/2024\/01\/06-Poulets-Bronzes-300x201.jpg 300w, https:\/\/encor-naturisme.com\/wp-content\/uploads\/2024\/01\/06-Poulets-Bronzes-768x514.jpg 768w, https:\/\/encor-naturisme.com\/wp-content\/uploads\/2024\/01\/06-Poulets-Bronzes-1536x1028.jpg 1536w, https:\/\/encor-naturisme.com\/wp-content\/uploads\/2024\/01\/06-Poulets-Bronzes-2048x1371.jpg 2048w, https:\/\/encor-naturisme.com\/wp-content\/uploads\/2024\/01\/06-Poulets-Bronzes-2000x1339.jpg 2000w\" sizes=\"auto, (max-width: 1024px) 100vw, 1024px\" \/><\/figure>\n\n\n\n<figure class=\"wp-block-image aligncenter size-large\"><img loading=\"lazy\" decoding=\"async\" width=\"1024\" height=\"515\" src=\"https:\/\/encor-naturisme.com\/wp-content\/uploads\/2024\/01\/07-Prepa-des-moules-1024x515.jpg\" alt=\"\" class=\"wp-image-195\" srcset=\"https:\/\/encor-naturisme.com\/wp-content\/uploads\/2024\/01\/07-Prepa-des-moules-1024x515.jpg 1024w, https:\/\/encor-naturisme.com\/wp-content\/uploads\/2024\/01\/07-Prepa-des-moules-300x151.jpg 300w, https:\/\/encor-naturisme.com\/wp-content\/uploads\/2024\/01\/07-Prepa-des-moules-768x387.jpg 768w, https:\/\/encor-naturisme.com\/wp-content\/uploads\/2024\/01\/07-Prepa-des-moules-1536x773.jpg 1536w, https:\/\/encor-naturisme.com\/wp-content\/uploads\/2024\/01\/07-Prepa-des-moules-2048x1031.jpg 2048w, https:\/\/encor-naturisme.com\/wp-content\/uploads\/2024\/01\/07-Prepa-des-moules-2000x1007.jpg 2000w\" sizes=\"auto, (max-width: 1024px) 100vw, 1024px\" \/><\/figure>\n\n\n\n<figure class=\"wp-block-image aligncenter size-large\"><img loading=\"lazy\" decoding=\"async\" width=\"1024\" height=\"655\" src=\"https:\/\/encor-naturisme.com\/wp-content\/uploads\/2024\/01\/08-moules-a-deguster-1024x655.jpg\" alt=\"\" class=\"wp-image-196\" srcset=\"https:\/\/encor-naturisme.com\/wp-content\/uploads\/2024\/01\/08-moules-a-deguster-1024x655.jpg 1024w, https:\/\/encor-naturisme.com\/wp-content\/uploads\/2024\/01\/08-moules-a-deguster-300x192.jpg 300w, https:\/\/encor-naturisme.com\/wp-content\/uploads\/2024\/01\/08-moules-a-deguster-768x492.jpg 768w, https:\/\/encor-naturisme.com\/wp-content\/uploads\/2024\/01\/08-moules-a-deguster-1536x983.jpg 1536w, https:\/\/encor-naturisme.com\/wp-content\/uploads\/2024\/01\/08-moules-a-deguster-2048x1311.jpg 2048w, https:\/\/encor-naturisme.com\/wp-content\/uploads\/2024\/01\/08-moules-a-deguster-2000x1280.jpg 2000w\" sizes=\"auto, (max-width: 1024px) 100vw, 1024px\" \/><\/figure>\n\n\n\n<figure class=\"wp-block-image aligncenter size-large is-resized\"><img loading=\"lazy\" decoding=\"async\" width=\"803\" height=\"1024\" src=\"https:\/\/encor-naturisme.com\/wp-content\/uploads\/2024\/01\/09-Desserts-803x1024.jpg\" alt=\"\" class=\"wp-image-197\" style=\"width:910px;height:auto\" srcset=\"https:\/\/encor-naturisme.com\/wp-content\/uploads\/2024\/01\/09-Desserts-803x1024.jpg 803w, https:\/\/encor-naturisme.com\/wp-content\/uploads\/2024\/01\/09-Desserts-235x300.jpg 235w, https:\/\/encor-naturisme.com\/wp-content\/uploads\/2024\/01\/09-Desserts-768x979.jpg 768w, https:\/\/encor-naturisme.com\/wp-content\/uploads\/2024\/01\/09-Desserts-1205x1536.jpg 1205w, https:\/\/encor-naturisme.com\/wp-content\/uploads\/2024\/01\/09-Desserts-1607x2048.jpg 1607w, https:\/\/encor-naturisme.com\/wp-content\/uploads\/2024\/01\/09-Desserts-2000x2549.jpg 2000w, https:\/\/encor-naturisme.com\/wp-content\/uploads\/2024\/01\/09-Desserts-scaled.jpg 2009w\" sizes=\"auto, (max-width: 803px) 100vw, 803px\" \/><\/figure>\n","protected":false},"excerpt":{"rendered":"<p>Tous les plats sont cuits au barbecue<\/p>\n","protected":false},"author":1,"featured_media":0,"parent":0,"menu_order":0,"comment_status":"closed","ping_status":"closed","template":"","meta":{"_inspiro_hide_title":false,"footnotes":""},"class_list":["post-188","page","type-page","status-publish","hentry"],"yoast_head":"<!-- This site is optimized with the Yoast SEO plugin v27.4 - https:\/\/yoast.com\/product\/yoast-seo-wordpress\/ -->\n<title>Nos repas en commun mensuels - ENCOR<\/title>\n<meta name=\"robots\" content=\"index, follow, max-snippet:-1, max-image-preview:large, max-video-preview:-1\" \/>\n<link rel=\"canonical\" href=\"https:\/\/encor-naturisme.com\/index.php\/nos-repas-en-commun-mensuels\/\" \/>\n<meta property=\"og:locale\" content=\"fr_FR\" \/>\n<meta property=\"og:type\" content=\"article\" \/>\n<meta property=\"og:title\" content=\"Nos repas en commun mensuels - ENCOR\" \/>\n<meta property=\"og:description\" content=\"Tous les plats sont cuits au barbecue\" \/>\n<meta property=\"og:url\" content=\"https:\/\/encor-naturisme.com\/index.php\/nos-repas-en-commun-mensuels\/\" \/>\n<meta property=\"og:site_name\" content=\"ENCOR\" \/>\n<meta property=\"article:publisher\" content=\"https:\/\/www.facebook.com\/p\/Association-de-lENCOR-lan-Naturiste-de-la-Cte-dOpale-et-sa-Rgion-100087619676619\/\" \/>\n<meta property=\"article:modified_time\" content=\"2024-01-21T15:43:54+00:00\" \/>\n<meta property=\"og:image\" content=\"https:\/\/encor-naturisme.com\/wp-content\/uploads\/2024\/01\/01-Apero-pig-pong-871x1024.jpg\" \/>\n<meta name=\"twitter:card\" content=\"summary_large_image\" \/>\n<meta name=\"twitter:label1\" content=\"Dur\u00e9e de lecture estim\u00e9e\" \/>\n\t<meta name=\"twitter:data1\" content=\"2 minutes\" \/>\n<script type=\"application\/ld+json\" class=\"yoast-schema-graph\">{\"@context\":\"https:\\\/\\\/schema.org\",\"@graph\":[{\"@type\":\"WebPage\",\"@id\":\"https:\\\/\\\/encor-naturisme.com\\\/index.php\\\/nos-repas-en-commun-mensuels\\\/\",\"url\":\"https:\\\/\\\/encor-naturisme.com\\\/index.php\\\/nos-repas-en-commun-mensuels\\\/\",\"name\":\"Nos repas en commun mensuels - ENCOR\",\"isPartOf\":{\"@id\":\"https:\\\/\\\/encor-naturisme.com\\\/#website\"},\"primaryImageOfPage\":{\"@id\":\"https:\\\/\\\/encor-naturisme.com\\\/index.php\\\/nos-repas-en-commun-mensuels\\\/#primaryimage\"},\"image\":{\"@id\":\"https:\\\/\\\/encor-naturisme.com\\\/index.php\\\/nos-repas-en-commun-mensuels\\\/#primaryimage\"},\"thumbnailUrl\":\"https:\\\/\\\/encor-naturisme.com\\\/wp-content\\\/uploads\\\/2024\\\/01\\\/01-Apero-pig-pong-871x1024.jpg\",\"datePublished\":\"2024-01-21T15:42:09+00:00\",\"dateModified\":\"2024-01-21T15:43:54+00:00\",\"breadcrumb\":{\"@id\":\"https:\\\/\\\/encor-naturisme.com\\\/index.php\\\/nos-repas-en-commun-mensuels\\\/#breadcrumb\"},\"inLanguage\":\"fr-FR\",\"potentialAction\":[{\"@type\":\"ReadAction\",\"target\":[\"https:\\\/\\\/encor-naturisme.com\\\/index.php\\\/nos-repas-en-commun-mensuels\\\/\"]}]},{\"@type\":\"ImageObject\",\"inLanguage\":\"fr-FR\",\"@id\":\"https:\\\/\\\/encor-naturisme.com\\\/index.php\\\/nos-repas-en-commun-mensuels\\\/#primaryimage\",\"url\":\"https:\\\/\\\/encor-naturisme.com\\\/wp-content\\\/uploads\\\/2024\\\/01\\\/01-Apero-pig-pong-scaled.jpg\",\"contentUrl\":\"https:\\\/\\\/encor-naturisme.com\\\/wp-content\\\/uploads\\\/2024\\\/01\\\/01-Apero-pig-pong-scaled.jpg\",\"width\":2176,\"height\":2560},{\"@type\":\"BreadcrumbList\",\"@id\":\"https:\\\/\\\/encor-naturisme.com\\\/index.php\\\/nos-repas-en-commun-mensuels\\\/#breadcrumb\",\"itemListElement\":[{\"@type\":\"ListItem\",\"position\":1,\"name\":\"Accueil\",\"item\":\"https:\\\/\\\/encor-naturisme.com\\\/\"},{\"@type\":\"ListItem\",\"position\":2,\"name\":\"Nos repas en commun mensuels\"}]},{\"@type\":\"WebSite\",\"@id\":\"https:\\\/\\\/encor-naturisme.com\\\/#website\",\"url\":\"https:\\\/\\\/encor-naturisme.com\\\/\",\"name\":\"ENCOR Naturisme \u2013 C\u00f4te d\u2019Opale, Nord-Pas-de-Calais\",\"description\":\"Association naturiste \u00e0 Oye-Plage \u2013 Libert\u00e9, nature, convivialit\u00e9\",\"publisher\":{\"@id\":\"https:\\\/\\\/encor-naturisme.com\\\/#organization\"},\"alternateName\":\"\u00c9lan Naturiste de la C\u00f4te d\u2019Opale et de sa R\u00e9gion\",\"potentialAction\":[{\"@type\":\"SearchAction\",\"target\":{\"@type\":\"EntryPoint\",\"urlTemplate\":\"https:\\\/\\\/encor-naturisme.com\\\/?s={search_term_string}\"},\"query-input\":{\"@type\":\"PropertyValueSpecification\",\"valueRequired\":true,\"valueName\":\"search_term_string\"}}],\"inLanguage\":\"fr-FR\"},{\"@type\":\"Organization\",\"@id\":\"https:\\\/\\\/encor-naturisme.com\\\/#organization\",\"name\":\"ENCOR\",\"alternateName\":\"\u00c9lan Naturiste de la C\u00f4te d'Opale et de sa R\u00e9gion\",\"url\":\"https:\\\/\\\/encor-naturisme.com\\\/\",\"logo\":{\"@type\":\"ImageObject\",\"inLanguage\":\"fr-FR\",\"@id\":\"https:\\\/\\\/encor-naturisme.com\\\/#\\\/schema\\\/logo\\\/image\\\/\",\"url\":\"https:\\\/\\\/encor-naturisme.com\\\/wp-content\\\/uploads\\\/2023\\\/11\\\/cropped-logo_encor_128.png\",\"contentUrl\":\"https:\\\/\\\/encor-naturisme.com\\\/wp-content\\\/uploads\\\/2023\\\/11\\\/cropped-logo_encor_128.png\",\"width\":181,\"height\":128,\"caption\":\"ENCOR\"},\"image\":{\"@id\":\"https:\\\/\\\/encor-naturisme.com\\\/#\\\/schema\\\/logo\\\/image\\\/\"},\"sameAs\":[\"https:\\\/\\\/www.facebook.com\\\/p\\\/Association-de-lENCOR-lan-Naturiste-de-la-Cte-dOpale-et-sa-Rgion-100087619676619\\\/\"]}]}<\/script>\n<!-- \/ Yoast SEO plugin. -->","yoast_head_json":{"title":"Nos repas en commun mensuels - ENCOR","robots":{"index":"index","follow":"follow","max-snippet":"max-snippet:-1","max-image-preview":"max-image-preview:large","max-video-preview":"max-video-preview:-1"},"canonical":"https:\/\/encor-naturisme.com\/index.php\/nos-repas-en-commun-mensuels\/","og_locale":"fr_FR","og_type":"article","og_title":"Nos repas en commun mensuels - ENCOR","og_description":"Tous les plats sont cuits au barbecue","og_url":"https:\/\/encor-naturisme.com\/index.php\/nos-repas-en-commun-mensuels\/","og_site_name":"ENCOR","article_publisher":"https:\/\/www.facebook.com\/p\/Association-de-lENCOR-lan-Naturiste-de-la-Cte-dOpale-et-sa-Rgion-100087619676619\/","article_modified_time":"2024-01-21T15:43:54+00:00","og_image":[{"url":"https:\/\/encor-naturisme.com\/wp-content\/uploads\/2024\/01\/01-Apero-pig-pong-871x1024.jpg","type":"","width":"","height":""}],"twitter_card":"summary_large_image","twitter_misc":{"Dur\u00e9e de lecture estim\u00e9e":"2 minutes"},"schema":{"@context":"https:\/\/schema.org","@graph":[{"@type":"WebPage","@id":"https:\/\/encor-naturisme.com\/index.php\/nos-repas-en-commun-mensuels\/","url":"https:\/\/encor-naturisme.com\/index.php\/nos-repas-en-commun-mensuels\/","name":"Nos repas en commun mensuels - ENCOR","isPartOf":{"@id":"https:\/\/encor-naturisme.com\/#website"},"primaryImageOfPage":{"@id":"https:\/\/encor-naturisme.com\/index.php\/nos-repas-en-commun-mensuels\/#primaryimage"},"image":{"@id":"https:\/\/encor-naturisme.com\/index.php\/nos-repas-en-commun-mensuels\/#primaryimage"},"thumbnailUrl":"https:\/\/encor-naturisme.com\/wp-content\/uploads\/2024\/01\/01-Apero-pig-pong-871x1024.jpg","datePublished":"2024-01-21T15:42:09+00:00","dateModified":"2024-01-21T15:43:54+00:00","breadcrumb":{"@id":"https:\/\/encor-naturisme.com\/index.php\/nos-repas-en-commun-mensuels\/#breadcrumb"},"inLanguage":"fr-FR","potentialAction":[{"@type":"ReadAction","target":["https:\/\/encor-naturisme.com\/index.php\/nos-repas-en-commun-mensuels\/"]}]},{"@type":"ImageObject","inLanguage":"fr-FR","@id":"https:\/\/encor-naturisme.com\/index.php\/nos-repas-en-commun-mensuels\/#primaryimage","url":"https:\/\/encor-naturisme.com\/wp-content\/uploads\/2024\/01\/01-Apero-pig-pong-scaled.jpg","contentUrl":"https:\/\/encor-naturisme.com\/wp-content\/uploads\/2024\/01\/01-Apero-pig-pong-scaled.jpg","width":2176,"height":2560},{"@type":"BreadcrumbList","@id":"https:\/\/encor-naturisme.com\/index.php\/nos-repas-en-commun-mensuels\/#breadcrumb","itemListElement":[{"@type":"ListItem","position":1,"name":"Accueil","item":"https:\/\/encor-naturisme.com\/"},{"@type":"ListItem","position":2,"name":"Nos repas en commun mensuels"}]},{"@type":"WebSite","@id":"https:\/\/encor-naturisme.com\/#website","url":"https:\/\/encor-naturisme.com\/","name":"ENCOR Naturisme \u2013 C\u00f4te d\u2019Opale, Nord-Pas-de-Calais","description":"Association naturiste \u00e0 Oye-Plage \u2013 Libert\u00e9, nature, convivialit\u00e9","publisher":{"@id":"https:\/\/encor-naturisme.com\/#organization"},"alternateName":"\u00c9lan Naturiste de la C\u00f4te d\u2019Opale et de sa R\u00e9gion","potentialAction":[{"@type":"SearchAction","target":{"@type":"EntryPoint","urlTemplate":"https:\/\/encor-naturisme.com\/?s={search_term_string}"},"query-input":{"@type":"PropertyValueSpecification","valueRequired":true,"valueName":"search_term_string"}}],"inLanguage":"fr-FR"},{"@type":"Organization","@id":"https:\/\/encor-naturisme.com\/#organization","name":"ENCOR","alternateName":"\u00c9lan Naturiste de la C\u00f4te d'Opale et de sa R\u00e9gion","url":"https:\/\/encor-naturisme.com\/","logo":{"@type":"ImageObject","inLanguage":"fr-FR","@id":"https:\/\/encor-naturisme.com\/#\/schema\/logo\/image\/","url":"https:\/\/encor-naturisme.com\/wp-content\/uploads\/2023\/11\/cropped-logo_encor_128.png","contentUrl":"https:\/\/encor-naturisme.com\/wp-content\/uploads\/2023\/11\/cropped-logo_encor_128.png","width":181,"height":128,"caption":"ENCOR"},"image":{"@id":"https:\/\/encor-naturisme.com\/#\/schema\/logo\/image\/"},"sameAs":["https:\/\/www.facebook.com\/p\/Association-de-lENCOR-lan-Naturiste-de-la-Cte-dOpale-et-sa-Rgion-100087619676619\/"]}]}},"_links":{"self":[{"href":"https:\/\/encor-naturisme.com\/index.php\/wp-json\/wp\/v2\/pages\/188","targetHints":{"allow":["GET"]}}],"collection":[{"href":"https:\/\/encor-naturisme.com\/index.php\/wp-json\/wp\/v2\/pages"}],"about":[{"href":"https:\/\/encor-naturisme.com\/index.php\/wp-json\/wp\/v2\/types\/page"}],"author":[{"embeddable":true,"href":"https:\/\/encor-naturisme.com\/index.php\/wp-json\/wp\/v2\/users\/1"}],"replies":[{"embeddable":true,"href":"https:\/\/encor-naturisme.com\/index.php\/wp-json\/wp\/v2\/comments?post=188"}],"version-history":[{"count":3,"href":"https:\/\/encor-naturisme.com\/index.php\/wp-json\/wp\/v2\/pages\/188\/revisions"}],"predecessor-version":[{"id":201,"href":"https:\/\/encor-naturisme.com\/index.php\/wp-json\/wp\/v2\/pages\/188\/revisions\/201"}],"wp:attachment":[{"href":"https:\/\/encor-naturisme.com\/index.php\/wp-json\/wp\/v2\/media?parent=188"}],"curies":[{"name":"wp","href":"https:\/\/api.w.org\/{rel}","templated":true}]}}