{"id":183,"date":"2024-01-21T16:16:34","date_gmt":"2024-01-21T15:16:34","guid":{"rendered":"https:\/\/encor-naturisme.com\/?page_id=183"},"modified":"2026-01-24T17:09:22","modified_gmt":"2026-01-24T16:09:22","slug":"agenda","status":"publish","type":"page","link":"https:\/\/encor-naturisme.com\/index.php\/agenda\/","title":{"rendered":"Agenda"},"content":{"rendered":"\n<p><strong>L\u00e9gende :<\/strong> HDFN : Hauts de France Naturistes<br><mark style=\"background-color:rgba(0, 0, 0, 0);color:#4aade9\" class=\"has-inline-color\">Couleur bleue activit\u00e9s organis\u00e9es par l\u2019<strong>ENCOR<\/strong><\/mark><br><mark style=\"background-color:rgba(0, 0, 0, 0);color:#cd3b38\" class=\"has-inline-color\">Couleur rouge activit\u00e9s organis\u00e9es par les <strong>HDFN<\/strong><\/mark><\/p>\n\n\n\n<div class=\"wp-block-group has-global-padding is-layout-constrained wp-block-group-is-layout-constrained\">\n<h2 class=\"wp-block-heading\">Activit\u00e9s 2026 \u00e0 l&rsquo;ENCOR et aux HDFN<\/h2>\n\n\n\n<ul class=\"wp-block-list\">\n<li><mark style=\"background-color:rgba(0, 0, 0, 0);color:#4aade9\" class=\"has-inline-color\"><strong>Dim 11 Jan :<\/strong> Sauna, Hammam etc \u00e0 Ostende .<\/mark><\/li>\n\n\n\n<li><mark style=\"background-color:rgba(0, 0, 0, 0);color:#4aade9\" class=\"has-inline-color\"><strong>Dim 08 F\u00e9v :<\/strong> Repas Chandeleur le midi, salle Cornet \u00e0 Oye Plage<\/mark><\/li>\n<\/ul>\n\n\n\n<ul class=\"wp-block-list\">\n<li><mark style=\"background-color:rgba(0, 0, 0, 0);color:#ca2f2c\" class=\"has-inline-color\"><strong>Dim 08 Mars :<\/strong> Journ\u00e9e R\u00e9gionale Piscine \u00e0 Halluin.<\/mark><\/li>\n\n\n\n<li><mark style=\"background-color:rgba(0, 0, 0, 0);color:#4aade9\" class=\"has-inline-color\"><strong>Sam 07 Mars :<\/strong> Nettoyage de plage \u00e0 Oye-Plage avec les guides nature<\/mark><\/li>\n<\/ul>\n\n\n\n<ul class=\"wp-block-list\">\n<li><mark style=\"background-color:rgba(0, 0, 0, 0);color:#4aade9\" class=\"has-inline-color\"><strong>Sam 11 et Dim 12 Avril :<\/strong> Ouverture du terrain aux adh\u00e9rents &#8211; Montage.<\/mark><\/li>\n<\/ul>\n\n\n\n<ul class=\"wp-block-list\">\n<li><mark style=\"background-color:rgba(0, 0, 0, 0);color:#4aade9\" class=\"has-inline-color\"><strong>Vend 1er Mai :<\/strong> Ouverture officielle. Repas Mensuel d\u2019ouverture<\/mark><\/li>\n<\/ul>\n\n\n\n<ul class=\"wp-block-list\">\n<li><mark style=\"background-color:rgba(0, 0, 0, 0);color:#ca2f2c\" class=\"has-inline-color\"><strong>Dim 07 Juin :<\/strong> Rencontre Nature (lieu \u00e0 pr\u00e9ciser).<\/mark><\/li>\n\n\n\n<li><mark style=\"background-color:rgba(0, 0, 0, 0);color:#4aade9\" class=\"has-inline-color\"><strong>Dim 07 Juin :<\/strong> Repas Mensuel sur le terrain.<\/mark><\/li>\n\n\n\n<li><mark style=\"background-color:rgba(0, 0, 0, 0);color:#ca2f2c\" class=\"has-inline-color\"><strong>Dim 28 Juin :<\/strong> Rencontre sur la plage \u00e0 Berck avec l\u2019AGABS<\/mark><\/li>\n<\/ul>\n\n\n\n<ul class=\"wp-block-list\">\n<li><mark style=\"background-color:rgba(0, 0, 0, 0);color:#4aade9\" class=\"has-inline-color\"><strong>Dim 12 Juill :<\/strong> Repas Mensuel sur le terrain<\/mark><\/li>\n\n\n\n<li><mark style=\"background-color:rgba(0, 0, 0, 0);color:#4aade9\" class=\"has-inline-color\"><strong>Dim 09 Ao\u00fbt :<\/strong> Repas Mensuel sur le terrain<\/mark><\/li>\n<\/ul>\n\n\n\n<ul class=\"wp-block-list\">\n<li><mark style=\"background-color:rgba(0, 0, 0, 0);color:#4aade9\" class=\"has-inline-color\"><strong>Dim 06 Sept :<\/strong> Repas Mensuel sur le terrain<\/mark><\/li>\n<\/ul>\n\n\n\n<ul class=\"wp-block-list\">\n<li><mark style=\"background-color:rgba(0, 0, 0, 0);color:#4aade9\" class=\"has-inline-color\"><strong>Sam 26 Sept :<\/strong> D\u00e9montage<\/mark><\/li>\n\n\n\n<li><mark style=\"background-color:rgba(0, 0, 0, 0);color:#4aade9\" class=\"has-inline-color\"><strong>Dim 27 Sept :<\/strong> D\u00e9montage<\/mark><\/li>\n\n\n\n<li><mark style=\"background-color:rgba(0, 0, 0, 0);color:#4aade9\" class=\"has-inline-color\"><strong>Merc 30 Sept :<\/strong> Fermeture officielle \u2013 derni\u00e8re ballade dans le terrain<\/mark><\/li>\n<\/ul>\n\n\n\n<ul class=\"wp-block-list\">\n<li><mark style=\"background-color:rgba(0, 0, 0, 0);color:#4aade9\" class=\"has-inline-color\"><strong>Dim 15 Nov :<\/strong> Assembl\u00e9e G\u00e9n\u00e9rale Ordinaire et Repas<\/mark><\/li>\n<\/ul>\n<\/div>\n\n\n\n\n\n<div class=\"wp-block-group is-content-justification-center is-nowrap is-layout-flex wp-container-core-group-is-layout-23441af8 wp-block-group-is-layout-flex\">\n<figure class=\"wp-block-image alignleft is-resized\"><img loading=\"lazy\" decoding=\"async\" width=\"448\" height=\"136\" src=\"https:\/\/encor-naturisme.com\/wp-content\/uploads\/2023\/11\/HDFN_2013-web_L.jpg\" alt=\"Logo de la f\u00e9d\u00e9ration fran\u00e7aise de naturisme\" class=\"wp-image-46\" style=\"width:250px;height:auto\" srcset=\"https:\/\/encor-naturisme.com\/wp-content\/uploads\/2023\/11\/HDFN_2013-web_L.jpg 448w, https:\/\/encor-naturisme.com\/wp-content\/uploads\/2023\/11\/HDFN_2013-web_L-300x91.jpg 300w\" sizes=\"auto, (max-width: 448px) 100vw, 448px\" \/><\/figure>\n\n\n\n<figure class=\"wp-block-image alignleft size-full is-resized\"><img loading=\"lazy\" decoding=\"async\" width=\"300\" height=\"101\" src=\"https:\/\/encor-naturisme.com\/wp-content\/uploads\/2023\/11\/Logo-FFN_2013-web-_allonge-RVB1-300x101-1.jpg\" alt=\"Logo de la f\u00e9d\u00e9ration fran\u00e7aise de naturisme\" class=\"wp-image-45\" style=\"width:222px;height:auto\"\/><\/figure>\n\n\n\n<figure class=\"wp-block-image alignleft size-full is-resized\"><img loading=\"lazy\" decoding=\"async\" width=\"886\" height=\"269\" src=\"https:\/\/encor-naturisme.com\/wp-content\/uploads\/2024\/01\/logo_elan_naturiste.jpg\" alt=\"\" class=\"wp-image-184\" style=\"aspect-ratio:3.2941176470588234;width:254px;height:auto\" srcset=\"https:\/\/encor-naturisme.com\/wp-content\/uploads\/2024\/01\/logo_elan_naturiste.jpg 886w, https:\/\/encor-naturisme.com\/wp-content\/uploads\/2024\/01\/logo_elan_naturiste-300x91.jpg 300w, https:\/\/encor-naturisme.com\/wp-content\/uploads\/2024\/01\/logo_elan_naturiste-768x233.jpg 768w\" sizes=\"auto, (max-width: 886px) 100vw, 886px\" \/><\/figure>\n<\/div>\n\n\n\n<p><\/p>\n","protected":false},"excerpt":{"rendered":"<p>L\u00e9gende : HDFN : Hauts de France NaturistesCouleur bleue activit\u00e9s organis\u00e9es par l\u2019ENCORCouleur rouge activit\u00e9s organis\u00e9es par les HDFN Activit\u00e9s 2026 \u00e0 l&rsquo;ENCOR et aux HDFN Activit\u00e9s 2025 \u00e0 l&rsquo;ENCOR et aux HDFN<\/p>\n","protected":false},"author":1,"featured_media":0,"parent":0,"menu_order":0,"comment_status":"closed","ping_status":"closed","template":"","meta":{"_inspiro_hide_title":false,"footnotes":""},"class_list":["post-183","page","type-page","status-publish","hentry"],"yoast_head":"<!-- This site is optimized with the Yoast SEO plugin v27.4 - https:\/\/yoast.com\/product\/yoast-seo-wordpress\/ -->\n<title>Agenda - ENCOR<\/title>\n<meta name=\"robots\" content=\"index, follow, max-snippet:-1, max-image-preview:large, max-video-preview:-1\" \/>\n<link rel=\"canonical\" href=\"https:\/\/encor-naturisme.com\/index.php\/agenda\/\" \/>\n<meta property=\"og:locale\" content=\"fr_FR\" \/>\n<meta property=\"og:type\" content=\"article\" \/>\n<meta property=\"og:title\" content=\"Agenda - ENCOR\" \/>\n<meta property=\"og:description\" content=\"L\u00e9gende : HDFN : Hauts de France NaturistesCouleur bleue activit\u00e9s organis\u00e9es par l\u2019ENCORCouleur rouge activit\u00e9s organis\u00e9es par les HDFN Activit\u00e9s 2026 \u00e0 l&rsquo;ENCOR et aux HDFN Activit\u00e9s 2025 \u00e0 l&rsquo;ENCOR et aux HDFN\" \/>\n<meta property=\"og:url\" content=\"https:\/\/encor-naturisme.com\/index.php\/agenda\/\" \/>\n<meta property=\"og:site_name\" content=\"ENCOR\" \/>\n<meta property=\"article:publisher\" content=\"https:\/\/www.facebook.com\/p\/Association-de-lENCOR-lan-Naturiste-de-la-Cte-dOpale-et-sa-Rgion-100087619676619\/\" \/>\n<meta property=\"article:modified_time\" content=\"2026-01-24T16:09:22+00:00\" \/>\n<meta property=\"og:image\" content=\"https:\/\/encor-naturisme.com\/wp-content\/uploads\/2023\/11\/HDFN_2013-web_L.jpg\" \/>\n\t<meta property=\"og:image:width\" content=\"448\" \/>\n\t<meta property=\"og:image:height\" content=\"136\" \/>\n\t<meta property=\"og:image:type\" content=\"image\/jpeg\" \/>\n<meta name=\"twitter:card\" content=\"summary_large_image\" \/>\n<meta name=\"twitter:label1\" content=\"Dur\u00e9e de lecture estim\u00e9e\" \/>\n\t<meta name=\"twitter:data1\" content=\"3 minutes\" \/>\n<script type=\"application\/ld+json\" class=\"yoast-schema-graph\">{\"@context\":\"https:\\\/\\\/schema.org\",\"@graph\":[{\"@type\":\"WebPage\",\"@id\":\"https:\\\/\\\/encor-naturisme.com\\\/index.php\\\/agenda\\\/\",\"url\":\"https:\\\/\\\/encor-naturisme.com\\\/index.php\\\/agenda\\\/\",\"name\":\"Agenda - ENCOR\",\"isPartOf\":{\"@id\":\"https:\\\/\\\/encor-naturisme.com\\\/#website\"},\"primaryImageOfPage\":{\"@id\":\"https:\\\/\\\/encor-naturisme.com\\\/index.php\\\/agenda\\\/#primaryimage\"},\"image\":{\"@id\":\"https:\\\/\\\/encor-naturisme.com\\\/index.php\\\/agenda\\\/#primaryimage\"},\"thumbnailUrl\":\"https:\\\/\\\/encor-naturisme.com\\\/wp-content\\\/uploads\\\/2023\\\/11\\\/HDFN_2013-web_L.jpg\",\"datePublished\":\"2024-01-21T15:16:34+00:00\",\"dateModified\":\"2026-01-24T16:09:22+00:00\",\"breadcrumb\":{\"@id\":\"https:\\\/\\\/encor-naturisme.com\\\/index.php\\\/agenda\\\/#breadcrumb\"},\"inLanguage\":\"fr-FR\",\"potentialAction\":[{\"@type\":\"ReadAction\",\"target\":[\"https:\\\/\\\/encor-naturisme.com\\\/index.php\\\/agenda\\\/\"]}]},{\"@type\":\"ImageObject\",\"inLanguage\":\"fr-FR\",\"@id\":\"https:\\\/\\\/encor-naturisme.com\\\/index.php\\\/agenda\\\/#primaryimage\",\"url\":\"https:\\\/\\\/encor-naturisme.com\\\/wp-content\\\/uploads\\\/2023\\\/11\\\/HDFN_2013-web_L.jpg\",\"contentUrl\":\"https:\\\/\\\/encor-naturisme.com\\\/wp-content\\\/uploads\\\/2023\\\/11\\\/HDFN_2013-web_L.jpg\",\"width\":448,\"height\":136,\"caption\":\"Piste 1\"},{\"@type\":\"BreadcrumbList\",\"@id\":\"https:\\\/\\\/encor-naturisme.com\\\/index.php\\\/agenda\\\/#breadcrumb\",\"itemListElement\":[{\"@type\":\"ListItem\",\"position\":1,\"name\":\"Accueil\",\"item\":\"https:\\\/\\\/encor-naturisme.com\\\/\"},{\"@type\":\"ListItem\",\"position\":2,\"name\":\"Agenda\"}]},{\"@type\":\"WebSite\",\"@id\":\"https:\\\/\\\/encor-naturisme.com\\\/#website\",\"url\":\"https:\\\/\\\/encor-naturisme.com\\\/\",\"name\":\"ENCOR Naturisme \u2013 C\u00f4te d\u2019Opale, Nord-Pas-de-Calais\",\"description\":\"Association naturiste \u00e0 Oye-Plage \u2013 Libert\u00e9, nature, convivialit\u00e9\",\"publisher\":{\"@id\":\"https:\\\/\\\/encor-naturisme.com\\\/#organization\"},\"alternateName\":\"\u00c9lan Naturiste de la C\u00f4te d\u2019Opale et de sa R\u00e9gion\",\"potentialAction\":[{\"@type\":\"SearchAction\",\"target\":{\"@type\":\"EntryPoint\",\"urlTemplate\":\"https:\\\/\\\/encor-naturisme.com\\\/?s={search_term_string}\"},\"query-input\":{\"@type\":\"PropertyValueSpecification\",\"valueRequired\":true,\"valueName\":\"search_term_string\"}}],\"inLanguage\":\"fr-FR\"},{\"@type\":\"Organization\",\"@id\":\"https:\\\/\\\/encor-naturisme.com\\\/#organization\",\"name\":\"ENCOR\",\"alternateName\":\"\u00c9lan Naturiste de la C\u00f4te d'Opale et de sa R\u00e9gion\",\"url\":\"https:\\\/\\\/encor-naturisme.com\\\/\",\"logo\":{\"@type\":\"ImageObject\",\"inLanguage\":\"fr-FR\",\"@id\":\"https:\\\/\\\/encor-naturisme.com\\\/#\\\/schema\\\/logo\\\/image\\\/\",\"url\":\"https:\\\/\\\/encor-naturisme.com\\\/wp-content\\\/uploads\\\/2023\\\/11\\\/cropped-logo_encor_128.png\",\"contentUrl\":\"https:\\\/\\\/encor-naturisme.com\\\/wp-content\\\/uploads\\\/2023\\\/11\\\/cropped-logo_encor_128.png\",\"width\":181,\"height\":128,\"caption\":\"ENCOR\"},\"image\":{\"@id\":\"https:\\\/\\\/encor-naturisme.com\\\/#\\\/schema\\\/logo\\\/image\\\/\"},\"sameAs\":[\"https:\\\/\\\/www.facebook.com\\\/p\\\/Association-de-lENCOR-lan-Naturiste-de-la-Cte-dOpale-et-sa-Rgion-100087619676619\\\/\"]}]}<\/script>\n<!-- \/ Yoast SEO plugin. -->","yoast_head_json":{"title":"Agenda - ENCOR","robots":{"index":"index","follow":"follow","max-snippet":"max-snippet:-1","max-image-preview":"max-image-preview:large","max-video-preview":"max-video-preview:-1"},"canonical":"https:\/\/encor-naturisme.com\/index.php\/agenda\/","og_locale":"fr_FR","og_type":"article","og_title":"Agenda - ENCOR","og_description":"L\u00e9gende : HDFN : Hauts de France NaturistesCouleur bleue activit\u00e9s organis\u00e9es par l\u2019ENCORCouleur rouge activit\u00e9s organis\u00e9es par les HDFN Activit\u00e9s 2026 \u00e0 l&rsquo;ENCOR et aux HDFN Activit\u00e9s 2025 \u00e0 l&rsquo;ENCOR et aux HDFN","og_url":"https:\/\/encor-naturisme.com\/index.php\/agenda\/","og_site_name":"ENCOR","article_publisher":"https:\/\/www.facebook.com\/p\/Association-de-lENCOR-lan-Naturiste-de-la-Cte-dOpale-et-sa-Rgion-100087619676619\/","article_modified_time":"2026-01-24T16:09:22+00:00","og_image":[{"width":448,"height":136,"url":"https:\/\/encor-naturisme.com\/wp-content\/uploads\/2023\/11\/HDFN_2013-web_L.jpg","type":"image\/jpeg"}],"twitter_card":"summary_large_image","twitter_misc":{"Dur\u00e9e de lecture estim\u00e9e":"3 minutes"},"schema":{"@context":"https:\/\/schema.org","@graph":[{"@type":"WebPage","@id":"https:\/\/encor-naturisme.com\/index.php\/agenda\/","url":"https:\/\/encor-naturisme.com\/index.php\/agenda\/","name":"Agenda - ENCOR","isPartOf":{"@id":"https:\/\/encor-naturisme.com\/#website"},"primaryImageOfPage":{"@id":"https:\/\/encor-naturisme.com\/index.php\/agenda\/#primaryimage"},"image":{"@id":"https:\/\/encor-naturisme.com\/index.php\/agenda\/#primaryimage"},"thumbnailUrl":"https:\/\/encor-naturisme.com\/wp-content\/uploads\/2023\/11\/HDFN_2013-web_L.jpg","datePublished":"2024-01-21T15:16:34+00:00","dateModified":"2026-01-24T16:09:22+00:00","breadcrumb":{"@id":"https:\/\/encor-naturisme.com\/index.php\/agenda\/#breadcrumb"},"inLanguage":"fr-FR","potentialAction":[{"@type":"ReadAction","target":["https:\/\/encor-naturisme.com\/index.php\/agenda\/"]}]},{"@type":"ImageObject","inLanguage":"fr-FR","@id":"https:\/\/encor-naturisme.com\/index.php\/agenda\/#primaryimage","url":"https:\/\/encor-naturisme.com\/wp-content\/uploads\/2023\/11\/HDFN_2013-web_L.jpg","contentUrl":"https:\/\/encor-naturisme.com\/wp-content\/uploads\/2023\/11\/HDFN_2013-web_L.jpg","width":448,"height":136,"caption":"Piste 1"},{"@type":"BreadcrumbList","@id":"https:\/\/encor-naturisme.com\/index.php\/agenda\/#breadcrumb","itemListElement":[{"@type":"ListItem","position":1,"name":"Accueil","item":"https:\/\/encor-naturisme.com\/"},{"@type":"ListItem","position":2,"name":"Agenda"}]},{"@type":"WebSite","@id":"https:\/\/encor-naturisme.com\/#website","url":"https:\/\/encor-naturisme.com\/","name":"ENCOR Naturisme \u2013 C\u00f4te d\u2019Opale, Nord-Pas-de-Calais","description":"Association naturiste \u00e0 Oye-Plage \u2013 Libert\u00e9, nature, convivialit\u00e9","publisher":{"@id":"https:\/\/encor-naturisme.com\/#organization"},"alternateName":"\u00c9lan Naturiste de la C\u00f4te d\u2019Opale et de sa R\u00e9gion","potentialAction":[{"@type":"SearchAction","target":{"@type":"EntryPoint","urlTemplate":"https:\/\/encor-naturisme.com\/?s={search_term_string}"},"query-input":{"@type":"PropertyValueSpecification","valueRequired":true,"valueName":"search_term_string"}}],"inLanguage":"fr-FR"},{"@type":"Organization","@id":"https:\/\/encor-naturisme.com\/#organization","name":"ENCOR","alternateName":"\u00c9lan Naturiste de la C\u00f4te d'Opale et de sa R\u00e9gion","url":"https:\/\/encor-naturisme.com\/","logo":{"@type":"ImageObject","inLanguage":"fr-FR","@id":"https:\/\/encor-naturisme.com\/#\/schema\/logo\/image\/","url":"https:\/\/encor-naturisme.com\/wp-content\/uploads\/2023\/11\/cropped-logo_encor_128.png","contentUrl":"https:\/\/encor-naturisme.com\/wp-content\/uploads\/2023\/11\/cropped-logo_encor_128.png","width":181,"height":128,"caption":"ENCOR"},"image":{"@id":"https:\/\/encor-naturisme.com\/#\/schema\/logo\/image\/"},"sameAs":["https:\/\/www.facebook.com\/p\/Association-de-lENCOR-lan-Naturiste-de-la-Cte-dOpale-et-sa-Rgion-100087619676619\/"]}]}},"_links":{"self":[{"href":"https:\/\/encor-naturisme.com\/index.php\/wp-json\/wp\/v2\/pages\/183","targetHints":{"allow":["GET"]}}],"collection":[{"href":"https:\/\/encor-naturisme.com\/index.php\/wp-json\/wp\/v2\/pages"}],"about":[{"href":"https:\/\/encor-naturisme.com\/index.php\/wp-json\/wp\/v2\/types\/page"}],"author":[{"embeddable":true,"href":"https:\/\/encor-naturisme.com\/index.php\/wp-json\/wp\/v2\/users\/1"}],"replies":[{"embeddable":true,"href":"https:\/\/encor-naturisme.com\/index.php\/wp-json\/wp\/v2\/comments?post=183"}],"version-history":[{"count":16,"href":"https:\/\/encor-naturisme.com\/index.php\/wp-json\/wp\/v2\/pages\/183\/revisions"}],"predecessor-version":[{"id":360,"href":"https:\/\/encor-naturisme.com\/index.php\/wp-json\/wp\/v2\/pages\/183\/revisions\/360"}],"wp:attachment":[{"href":"https:\/\/encor-naturisme.com\/index.php\/wp-json\/wp\/v2\/media?parent=183"}],"curies":[{"name":"wp","href":"https:\/\/api.w.org\/{rel}","templated":true}]}}