{"id":103,"date":"2023-11-13T17:24:26","date_gmt":"2023-11-13T16:24:26","guid":{"rendered":"https:\/\/encor-naturisme.com\/?page_id=103"},"modified":"2025-04-10T17:00:52","modified_gmt":"2025-04-10T15:00:52","slug":"notre-terrain","status":"publish","type":"page","link":"https:\/\/encor-naturisme.com\/index.php\/notre-terrain\/","title":{"rendered":"Notre Terrain"},"content":{"rendered":"\n<div class=\"wp-block-media-text has-media-on-the-right is-stacked-on-mobile\" style=\"font-size:clamp(14px, 0.875rem + ((1vw - 3.2px) * 0.177), 16px);\"><div class=\"wp-block-media-text__content\">\n<p>Le domaine naturiste de l\u2019association <strong>ENCOR<\/strong> est \u00e9tabli sur un terrain situ\u00e9 sur une partie du massif dunaire, fossile de la charmante&nbsp; commune de <strong>Oye-Plage<\/strong>. Ce terrain enti\u00e8rement cl\u00f4tur\u00e9, accessible uniquement aux membres et&nbsp; invit\u00e9s, est \u00e0 l\u2019abri des regards indiscrets. Ses <strong>18 ha <\/strong>sont constitu\u00e9s de sable blanc, d\u2019argousiers, d\u2019arbustes et d\u2019arbres aux essences diverses offrant ainsi une nature g\u00e9n\u00e9reuse, particuli\u00e8rement bien pr\u00e9serv\u00e9e. Le naturisme s\u2019y trouve en parfaite harmonie.<\/p>\n<\/div><figure class=\"wp-block-media-text__media\"><img loading=\"lazy\" decoding=\"async\" width=\"1024\" height=\"685\" src=\"https:\/\/encor-naturisme.com\/wp-content\/uploads\/2023\/11\/IMGP4178-1024x685.jpg\" alt=\"promenade de groupe sur le terrain de l'encor\" class=\"wp-image-104 size-full\" srcset=\"https:\/\/encor-naturisme.com\/wp-content\/uploads\/2023\/11\/IMGP4178-1024x685.jpg 1024w, https:\/\/encor-naturisme.com\/wp-content\/uploads\/2023\/11\/IMGP4178-300x201.jpg 300w, https:\/\/encor-naturisme.com\/wp-content\/uploads\/2023\/11\/IMGP4178-768x514.jpg 768w, https:\/\/encor-naturisme.com\/wp-content\/uploads\/2023\/11\/IMGP4178-1536x1028.jpg 1536w, https:\/\/encor-naturisme.com\/wp-content\/uploads\/2023\/11\/IMGP4178-2048x1371.jpg 2048w, https:\/\/encor-naturisme.com\/wp-content\/uploads\/2023\/11\/IMGP4178-2000x1339.jpg 2000w\" sizes=\"auto, (max-width: 1024px) 100vw, 1024px\" \/><\/figure><\/div>\n\n\n\n<div style=\"height:100px\" aria-hidden=\"true\" class=\"wp-block-spacer\"><\/div>\n\n\n\n<div class=\"wp-block-media-text is-stacked-on-mobile\" style=\"font-size:clamp(14px, 0.875rem + ((1vw - 3.2px) * 0.177), 16px);\"><figure class=\"wp-block-media-text__media\"><img loading=\"lazy\" decoding=\"async\" width=\"1024\" height=\"683\" src=\"https:\/\/encor-naturisme.com\/wp-content\/uploads\/2023\/11\/8-8-1024x683.jpg\" alt=\"promenade de groupe au soleil du terrain de l'encor\" class=\"wp-image-105 size-full\" srcset=\"https:\/\/encor-naturisme.com\/wp-content\/uploads\/2023\/11\/8-8-1024x683.jpg 1024w, https:\/\/encor-naturisme.com\/wp-content\/uploads\/2023\/11\/8-8-300x200.jpg 300w, https:\/\/encor-naturisme.com\/wp-content\/uploads\/2023\/11\/8-8-768x512.jpg 768w, https:\/\/encor-naturisme.com\/wp-content\/uploads\/2023\/11\/8-8-1536x1024.jpg 1536w, https:\/\/encor-naturisme.com\/wp-content\/uploads\/2023\/11\/8-8-2048x1365.jpg 2048w, https:\/\/encor-naturisme.com\/wp-content\/uploads\/2023\/11\/8-8-2000x1333.jpg 2000w\" sizes=\"auto, (max-width: 1024px) 100vw, 1024px\" \/><\/figure><div class=\"wp-block-media-text__content\">\n<p>On vient \u00e0 l\u2019ENCOR pour profiter des <strong>8 km d\u2019all\u00e9es et chemins<\/strong> sillonnant notre espace naturel propice aux balades et \u00e0 la d\u00e9couverte de la flore et de la faune. La biodiversit\u00e9 install\u00e9e dans ce havre de tranquillit\u00e9 cohabite harmonieusement avec nos adh\u00e9rents naturistes respectueux de cet environnement.<\/p>\n<\/div><\/div>\n\n\n\n<div style=\"height:100px\" aria-hidden=\"true\" class=\"wp-block-spacer\"><\/div>\n\n\n\n<div class=\"wp-block-media-text has-media-on-the-right is-stacked-on-mobile\" style=\"font-size:clamp(14px, 0.875rem + ((1vw - 3.2px) * 0.177), 16px);\"><div class=\"wp-block-media-text__content\">\n<p>Diff\u00e9rents espaces ont \u00e9t\u00e9 am\u00e9nag\u00e9s afin d\u2019offrir \u00e0 chacun des possibilit\u00e9s de d\u00e9tente et convivialit\u00e9. A l\u2019entr\u00e9e du domaine: l\u2019accueil.<\/p>\n\n\n\n<p>Un<strong> parking priv\u00e9<\/strong> \u00e0 l\u2019int\u00e9rieur du domaine est destin\u00e9 aux adh\u00e9rents et visiteurs.<\/p>\n<\/div><figure class=\"wp-block-media-text__media\"><img loading=\"lazy\" decoding=\"async\" width=\"1024\" height=\"768\" src=\"https:\/\/encor-naturisme.com\/wp-content\/uploads\/2023\/11\/P8140003-1024x768.jpg\" alt=\"Accueil et parking du terrain de l'association\" class=\"wp-image-134 size-full\" srcset=\"https:\/\/encor-naturisme.com\/wp-content\/uploads\/2023\/11\/P8140003-1024x768.jpg 1024w, https:\/\/encor-naturisme.com\/wp-content\/uploads\/2023\/11\/P8140003-300x225.jpg 300w, https:\/\/encor-naturisme.com\/wp-content\/uploads\/2023\/11\/P8140003-768x576.jpg 768w, https:\/\/encor-naturisme.com\/wp-content\/uploads\/2023\/11\/P8140003-1536x1152.jpg 1536w, https:\/\/encor-naturisme.com\/wp-content\/uploads\/2023\/11\/P8140003-2048x1536.jpg 2048w, https:\/\/encor-naturisme.com\/wp-content\/uploads\/2023\/11\/P8140003-2000x1500.jpg 2000w\" sizes=\"auto, (max-width: 1024px) 100vw, 1024px\" \/><\/figure><\/div>\n\n\n\n<div style=\"height:100px\" aria-hidden=\"true\" class=\"wp-block-spacer\"><\/div>\n\n\n\n<div class=\"wp-block-media-text is-stacked-on-mobile\" style=\"font-size:clamp(14px, 0.875rem + ((1vw - 3.2px) * 0.177), 16px);\"><figure class=\"wp-block-media-text__media\"><img loading=\"lazy\" decoding=\"async\" width=\"1024\" height=\"740\" src=\"https:\/\/encor-naturisme.com\/wp-content\/uploads\/2023\/11\/Pavillon-pr-site-1024x740.jpg\" alt=\"Pavillon de l'encor\" class=\"wp-image-139 size-full\" srcset=\"https:\/\/encor-naturisme.com\/wp-content\/uploads\/2023\/11\/Pavillon-pr-site-1024x740.jpg 1024w, https:\/\/encor-naturisme.com\/wp-content\/uploads\/2023\/11\/Pavillon-pr-site-300x217.jpg 300w, https:\/\/encor-naturisme.com\/wp-content\/uploads\/2023\/11\/Pavillon-pr-site-768x555.jpg 768w, https:\/\/encor-naturisme.com\/wp-content\/uploads\/2023\/11\/Pavillon-pr-site-1536x1110.jpg 1536w, https:\/\/encor-naturisme.com\/wp-content\/uploads\/2023\/11\/Pavillon-pr-site-2048x1480.jpg 2048w, https:\/\/encor-naturisme.com\/wp-content\/uploads\/2023\/11\/Pavillon-pr-site-2000x1445.jpg 2000w\" sizes=\"auto, (max-width: 1024px) 100vw, 1024px\" \/><\/figure><div class=\"wp-block-media-text__content\">\n<p>\u00ab La clairi\u00e8re de convivialit\u00e9 \u00bb et son pavillon sont le lieu de rassemblement central. Des tables, fauteuils de jardin, barbecues meublent cette aire de pique-nique. Dans cet espace, on trouve \u00e9galement des jeux pour enfants.<\/p>\n<\/div><\/div>\n\n\n\n<div style=\"height:100px\" aria-hidden=\"true\" class=\"wp-block-spacer\"><\/div>\n\n\n\n<div class=\"wp-block-media-text has-media-on-the-right is-stacked-on-mobile\" style=\"font-size:clamp(14px, 0.875rem + ((1vw - 3.2px) * 0.177), 16px);\"><div class=\"wp-block-media-text__content\">\n<p>On vient \u00e0 l\u2019 ENCOR pour se pr\u00e9parer, tout en bavardant, quelques petites brochettes sur les barbecues. <\/p>\n\n\n\n<p>Chacun son menu, chacun ses go\u00fbts, on partage tout, on go\u00fbte \u00e0 tout. \ud83c\udf2d\ud83c\udf3d<\/p>\n<\/div><figure class=\"wp-block-media-text__media\"><img loading=\"lazy\" decoding=\"async\" width=\"731\" height=\"1024\" src=\"https:\/\/encor-naturisme.com\/wp-content\/uploads\/2023\/11\/Phototheque-1-sur-6-731x1024.jpeg\" alt=\"Barbecue entre amis\" class=\"wp-image-108 size-full\" srcset=\"https:\/\/encor-naturisme.com\/wp-content\/uploads\/2023\/11\/Phototheque-1-sur-6-731x1024.jpeg 731w, https:\/\/encor-naturisme.com\/wp-content\/uploads\/2023\/11\/Phototheque-1-sur-6-214x300.jpeg 214w, https:\/\/encor-naturisme.com\/wp-content\/uploads\/2023\/11\/Phototheque-1-sur-6-768x1075.jpeg 768w, https:\/\/encor-naturisme.com\/wp-content\/uploads\/2023\/11\/Phototheque-1-sur-6-1097x1536.jpeg 1097w, https:\/\/encor-naturisme.com\/wp-content\/uploads\/2023\/11\/Phototheque-1-sur-6-1463x2048.jpeg 1463w, https:\/\/encor-naturisme.com\/wp-content\/uploads\/2023\/11\/Phototheque-1-sur-6-2000x2801.jpeg 2000w, https:\/\/encor-naturisme.com\/wp-content\/uploads\/2023\/11\/Phototheque-1-sur-6-scaled.jpeg 1828w\" sizes=\"auto, (max-width: 731px) 100vw, 731px\" \/><\/figure><\/div>\n\n\n\n<div style=\"height:100px\" aria-hidden=\"true\" class=\"wp-block-spacer\"><\/div>\n\n\n\n<p style=\"font-size:clamp(14px, 0.875rem + ((1vw - 3.2px) * 0.177), 16px);\">Les \u00e9quipements sportifs sont bien repr\u00e9sent\u00e9s. Un terrain multisport \u00ab basket, piste de p\u00e9tanque et de quilles \u00bb<\/p>\n\n\n\n<figure class=\"wp-block-gallery has-nested-images columns-default is-cropped wp-block-gallery-1 is-layout-flex wp-block-gallery-is-layout-flex\">\n<figure class=\"wp-block-image size-large\"><img loading=\"lazy\" decoding=\"async\" width=\"433\" height=\"289\" data-id=\"110\" src=\"https:\/\/encor-naturisme.com\/wp-content\/uploads\/2023\/11\/Basket-petanque-web.jpg\" alt=\"terrain de basket de l'encor\" class=\"wp-image-110\" srcset=\"https:\/\/encor-naturisme.com\/wp-content\/uploads\/2023\/11\/Basket-petanque-web.jpg 433w, https:\/\/encor-naturisme.com\/wp-content\/uploads\/2023\/11\/Basket-petanque-web-300x200.jpg 300w\" sizes=\"auto, (max-width: 433px) 100vw, 433px\" \/><\/figure>\n\n\n\n<figure class=\"wp-block-image size-large\"><img loading=\"lazy\" decoding=\"async\" width=\"448\" height=\"298\" data-id=\"111\" src=\"https:\/\/encor-naturisme.com\/wp-content\/uploads\/2023\/11\/Beach-volley-web.jpg\" alt=\"terrain de volley de l'encor\" class=\"wp-image-111\" srcset=\"https:\/\/encor-naturisme.com\/wp-content\/uploads\/2023\/11\/Beach-volley-web.jpg 448w, https:\/\/encor-naturisme.com\/wp-content\/uploads\/2023\/11\/Beach-volley-web-300x200.jpg 300w\" sizes=\"auto, (max-width: 448px) 100vw, 448px\" \/><\/figure>\n\n\n\n<figure class=\"wp-block-image size-large\"><img loading=\"lazy\" decoding=\"async\" width=\"448\" height=\"298\" data-id=\"116\" src=\"https:\/\/encor-naturisme.com\/wp-content\/uploads\/2023\/11\/Table-de-Ping-pong-web.jpg\" alt=\"table de pingpong\" class=\"wp-image-116\" srcset=\"https:\/\/encor-naturisme.com\/wp-content\/uploads\/2023\/11\/Table-de-Ping-pong-web.jpg 448w, https:\/\/encor-naturisme.com\/wp-content\/uploads\/2023\/11\/Table-de-Ping-pong-web-300x200.jpg 300w\" sizes=\"auto, (max-width: 448px) 100vw, 448px\" \/><\/figure>\n<\/figure>\n\n\n\n<p style=\"font-size:clamp(14px, 0.875rem + ((1vw - 3.2px) * 0.177), 16px);\">Un terrain de beach-volley tamis\u00e9 r\u00e9guli\u00e8rement par des adh\u00e9rents naturistes amoureux du sable fin.<\/p>\n\n\n\n<p style=\"font-size:clamp(14px, 0.875rem + ((1vw - 3.2px) * 0.177), 16px);\">Une table de ping-pong est disponible dans la \u00ab clairi\u00e8re de convivialit\u00e9 \u00bb. M\u00eame si elle ne voit jamais de super champion elle est toujours \u00e0 l\u2019origine de grands fous rires entre joueurs.<\/p>\n\n\n\n<div style=\"height:100px\" aria-hidden=\"true\" class=\"wp-block-spacer\"><\/div>\n\n\n\n<div class=\"wp-block-media-text is-stacked-on-mobile\" style=\"font-size:clamp(14px, 0.875rem + ((1vw - 3.2px) * 0.177), 16px);\"><figure class=\"wp-block-media-text__media\"><img loading=\"lazy\" decoding=\"async\" width=\"475\" height=\"356\" src=\"https:\/\/encor-naturisme.com\/wp-content\/uploads\/2024\/01\/solarium_petite.jpg\" alt=\"\" class=\"wp-image-202 size-full\" srcset=\"https:\/\/encor-naturisme.com\/wp-content\/uploads\/2024\/01\/solarium_petite.jpg 475w, https:\/\/encor-naturisme.com\/wp-content\/uploads\/2024\/01\/solarium_petite-300x225.jpg 300w\" sizes=\"auto, (max-width: 475px) 100vw, 475px\" \/><\/figure><div class=\"wp-block-media-text__content\">\n<p>La terrasse solarium, parfait recyclage d&rsquo;un ancien blockhaus, offre \u00e0 nos adh\u00e9rents adeptes du bronzage un lieu d&rsquo;ensoleillement maximum, de silence et de repos dans un \u00eelot de verdure.<\/p>\n<\/div><\/div>\n\n\n\n<div style=\"height:100px\" aria-hidden=\"true\" class=\"wp-block-spacer\"><\/div>\n\n\n\n<p style=\"font-size:clamp(14px, 0.875rem + ((1vw - 3.2px) * 0.177), 16px);\">Au fond du terrain, une petite barri\u00e8re ouvre l\u2019acc\u00e8s \u00e0 la plage. Mais au-del\u00e0 de cette derni\u00e8re le naturisme n\u2019est plus autoris\u00e9. Si le temps est mitig\u00e9, ce n\u2019est pas grave, le Pavillon vous abritera en attendant l\u2019\u00e9claircie : dans le Pas de Calais il fait beau plusieurs fois par jour !<\/p>\n\n\n\n<figure class=\"wp-block-gallery has-nested-images columns-default is-cropped wp-block-gallery-2 is-layout-flex wp-block-gallery-is-layout-flex\">\n<figure class=\"wp-block-image size-large\"><img loading=\"lazy\" decoding=\"async\" width=\"450\" height=\"313\" data-id=\"109\" src=\"https:\/\/encor-naturisme.com\/wp-content\/uploads\/2023\/11\/Barriere-Encor-Plage.jpg\" alt=\"Entr\u00e9e vers la plage\" class=\"wp-image-109\" srcset=\"https:\/\/encor-naturisme.com\/wp-content\/uploads\/2023\/11\/Barriere-Encor-Plage.jpg 450w, https:\/\/encor-naturisme.com\/wp-content\/uploads\/2023\/11\/Barriere-Encor-Plage-300x209.jpg 300w\" sizes=\"auto, (max-width: 450px) 100vw, 450px\" \/><\/figure>\n\n\n\n<figure class=\"wp-block-image size-large\"><img loading=\"lazy\" decoding=\"async\" width=\"448\" height=\"291\" data-id=\"122\" src=\"https:\/\/encor-naturisme.com\/wp-content\/uploads\/2023\/11\/Vers-la-mer-Web.jpg\" alt=\"sortie \u00e0 la plage\" class=\"wp-image-122\" srcset=\"https:\/\/encor-naturisme.com\/wp-content\/uploads\/2023\/11\/Vers-la-mer-Web.jpg 448w, https:\/\/encor-naturisme.com\/wp-content\/uploads\/2023\/11\/Vers-la-mer-Web-300x195.jpg 300w\" sizes=\"auto, (max-width: 448px) 100vw, 448px\" \/><\/figure>\n<\/figure>\n\n\n\n<p style=\"font-size:clamp(14px, 0.875rem + ((1vw - 3.2px) * 0.177), 16px);\">\u00c9tant situ\u00e9s en bord de mer, il va de soi que nous pouvons profiter de la plage et de ses baignades\u2026 mais en maillot de bain.<\/p>\n\n\n\n<p style=\"font-size:clamp(14px, 0.875rem + ((1vw - 3.2px) * 0.177), 16px);\">Un d\u00e9tail tr\u00e8s important car <strong>LA PLAGE N\u2019EST PAS NATURISTE<\/strong>.<\/p>\n\n\n\n<div style=\"height:144px\" aria-hidden=\"true\" class=\"wp-block-spacer\"><\/div>\n","protected":false},"excerpt":{"rendered":"<p>Le domaine naturiste de l\u2019association ENCOR est \u00e9tabli sur un terrain situ\u00e9 sur une partie du massif dunaire, fossile de la charmante&nbsp; commune de Oye-Plage. Ce terrain enti\u00e8rement cl\u00f4tur\u00e9, accessible uniquement aux membres et&nbsp; invit\u00e9s, est \u00e0 l\u2019abri des regards indiscrets. Ses 18 ha sont constitu\u00e9s de sable blanc, d\u2019argousiers, d\u2019arbustes et d\u2019arbres aux essences &hellip; <\/p>\n<p class=\"link-more\"><a href=\"https:\/\/encor-naturisme.com\/index.php\/notre-terrain\/\" class=\"more-link\">Lire la suite de<span class=\"screen-reader-text\">\u00ab\u00a0Notre Terrain\u00a0\u00bb<\/span><\/a><\/p>\n","protected":false},"author":1,"featured_media":0,"parent":0,"menu_order":0,"comment_status":"closed","ping_status":"closed","template":"","meta":{"_inspiro_hide_title":false,"footnotes":""},"class_list":["post-103","page","type-page","status-publish","hentry"],"yoast_head":"<!-- This site is optimized with the Yoast SEO plugin v27.5 - https:\/\/yoast.com\/product\/yoast-seo-wordpress\/ -->\n<title>Notre Terrain - ENCOR<\/title>\n<meta name=\"robots\" content=\"index, follow, max-snippet:-1, max-image-preview:large, max-video-preview:-1\" \/>\n<link rel=\"canonical\" href=\"https:\/\/encor-naturisme.com\/index.php\/notre-terrain\/\" \/>\n<meta property=\"og:locale\" content=\"fr_FR\" \/>\n<meta property=\"og:type\" content=\"article\" \/>\n<meta property=\"og:title\" content=\"Notre Terrain - ENCOR\" \/>\n<meta property=\"og:description\" content=\"Le domaine naturiste de l\u2019association ENCOR est \u00e9tabli sur un terrain situ\u00e9 sur une partie du massif dunaire, fossile de la charmante&nbsp; commune de Oye-Plage. Ce terrain enti\u00e8rement cl\u00f4tur\u00e9, accessible uniquement aux membres et&nbsp; invit\u00e9s, est \u00e0 l\u2019abri des regards indiscrets. Ses 18 ha sont constitu\u00e9s de sable blanc, d\u2019argousiers, d\u2019arbustes et d\u2019arbres aux essences &hellip; Lire la suite de\u00ab\u00a0Notre Terrain\u00a0\u00bb\" \/>\n<meta property=\"og:url\" content=\"https:\/\/encor-naturisme.com\/index.php\/notre-terrain\/\" \/>\n<meta property=\"og:site_name\" content=\"ENCOR\" \/>\n<meta property=\"article:publisher\" content=\"https:\/\/www.facebook.com\/p\/Association-de-lENCOR-lan-Naturiste-de-la-Cte-dOpale-et-sa-Rgion-100087619676619\/\" \/>\n<meta property=\"article:modified_time\" content=\"2025-04-10T15:00:52+00:00\" \/>\n<meta property=\"og:image\" content=\"https:\/\/encor-naturisme.com\/wp-content\/uploads\/2023\/11\/IMGP4178-scaled.jpg\" \/>\n\t<meta property=\"og:image:width\" content=\"2560\" \/>\n\t<meta property=\"og:image:height\" content=\"1714\" \/>\n\t<meta property=\"og:image:type\" content=\"image\/jpeg\" \/>\n<meta name=\"twitter:card\" content=\"summary_large_image\" \/>\n<meta name=\"twitter:label1\" content=\"Dur\u00e9e de lecture estim\u00e9e\" \/>\n\t<meta name=\"twitter:data1\" content=\"5 minutes\" \/>\n<script type=\"application\/ld+json\" class=\"yoast-schema-graph\">{\"@context\":\"https:\\\/\\\/schema.org\",\"@graph\":[{\"@type\":\"WebPage\",\"@id\":\"https:\\\/\\\/encor-naturisme.com\\\/index.php\\\/notre-terrain\\\/\",\"url\":\"https:\\\/\\\/encor-naturisme.com\\\/index.php\\\/notre-terrain\\\/\",\"name\":\"Notre Terrain - ENCOR\",\"isPartOf\":{\"@id\":\"https:\\\/\\\/encor-naturisme.com\\\/#website\"},\"primaryImageOfPage\":{\"@id\":\"https:\\\/\\\/encor-naturisme.com\\\/index.php\\\/notre-terrain\\\/#primaryimage\"},\"image\":{\"@id\":\"https:\\\/\\\/encor-naturisme.com\\\/index.php\\\/notre-terrain\\\/#primaryimage\"},\"thumbnailUrl\":\"https:\\\/\\\/encor-naturisme.com\\\/wp-content\\\/uploads\\\/2023\\\/11\\\/IMGP4178-1024x685.jpg\",\"datePublished\":\"2023-11-13T16:24:26+00:00\",\"dateModified\":\"2025-04-10T15:00:52+00:00\",\"breadcrumb\":{\"@id\":\"https:\\\/\\\/encor-naturisme.com\\\/index.php\\\/notre-terrain\\\/#breadcrumb\"},\"inLanguage\":\"fr-FR\",\"potentialAction\":[{\"@type\":\"ReadAction\",\"target\":[\"https:\\\/\\\/encor-naturisme.com\\\/index.php\\\/notre-terrain\\\/\"]}]},{\"@type\":\"ImageObject\",\"inLanguage\":\"fr-FR\",\"@id\":\"https:\\\/\\\/encor-naturisme.com\\\/index.php\\\/notre-terrain\\\/#primaryimage\",\"url\":\"https:\\\/\\\/encor-naturisme.com\\\/wp-content\\\/uploads\\\/2023\\\/11\\\/IMGP4178-scaled.jpg\",\"contentUrl\":\"https:\\\/\\\/encor-naturisme.com\\\/wp-content\\\/uploads\\\/2023\\\/11\\\/IMGP4178-scaled.jpg\",\"width\":2560,\"height\":1714,\"caption\":\"promenade de groupe sur le terrain de l'encor\"},{\"@type\":\"BreadcrumbList\",\"@id\":\"https:\\\/\\\/encor-naturisme.com\\\/index.php\\\/notre-terrain\\\/#breadcrumb\",\"itemListElement\":[{\"@type\":\"ListItem\",\"position\":1,\"name\":\"Accueil\",\"item\":\"https:\\\/\\\/encor-naturisme.com\\\/\"},{\"@type\":\"ListItem\",\"position\":2,\"name\":\"Notre Terrain\"}]},{\"@type\":\"WebSite\",\"@id\":\"https:\\\/\\\/encor-naturisme.com\\\/#website\",\"url\":\"https:\\\/\\\/encor-naturisme.com\\\/\",\"name\":\"ENCOR Naturisme \u2013 C\u00f4te d\u2019Opale, Nord-Pas-de-Calais\",\"description\":\"Association naturiste \u00e0 Oye-Plage \u2013 Libert\u00e9, nature, convivialit\u00e9\",\"publisher\":{\"@id\":\"https:\\\/\\\/encor-naturisme.com\\\/#organization\"},\"alternateName\":\"\u00c9lan Naturiste de la C\u00f4te d\u2019Opale et de sa R\u00e9gion\",\"potentialAction\":[{\"@type\":\"SearchAction\",\"target\":{\"@type\":\"EntryPoint\",\"urlTemplate\":\"https:\\\/\\\/encor-naturisme.com\\\/?s={search_term_string}\"},\"query-input\":{\"@type\":\"PropertyValueSpecification\",\"valueRequired\":true,\"valueName\":\"search_term_string\"}}],\"inLanguage\":\"fr-FR\"},{\"@type\":\"Organization\",\"@id\":\"https:\\\/\\\/encor-naturisme.com\\\/#organization\",\"name\":\"ENCOR\",\"alternateName\":\"\u00c9lan Naturiste de la C\u00f4te d'Opale et de sa R\u00e9gion\",\"url\":\"https:\\\/\\\/encor-naturisme.com\\\/\",\"logo\":{\"@type\":\"ImageObject\",\"inLanguage\":\"fr-FR\",\"@id\":\"https:\\\/\\\/encor-naturisme.com\\\/#\\\/schema\\\/logo\\\/image\\\/\",\"url\":\"https:\\\/\\\/encor-naturisme.com\\\/wp-content\\\/uploads\\\/2023\\\/11\\\/cropped-logo_encor_128.png\",\"contentUrl\":\"https:\\\/\\\/encor-naturisme.com\\\/wp-content\\\/uploads\\\/2023\\\/11\\\/cropped-logo_encor_128.png\",\"width\":181,\"height\":128,\"caption\":\"ENCOR\"},\"image\":{\"@id\":\"https:\\\/\\\/encor-naturisme.com\\\/#\\\/schema\\\/logo\\\/image\\\/\"},\"sameAs\":[\"https:\\\/\\\/www.facebook.com\\\/p\\\/Association-de-lENCOR-lan-Naturiste-de-la-Cte-dOpale-et-sa-Rgion-100087619676619\\\/\"]}]}<\/script>\n<!-- \/ Yoast SEO plugin. -->","yoast_head_json":{"title":"Notre Terrain - ENCOR","robots":{"index":"index","follow":"follow","max-snippet":"max-snippet:-1","max-image-preview":"max-image-preview:large","max-video-preview":"max-video-preview:-1"},"canonical":"https:\/\/encor-naturisme.com\/index.php\/notre-terrain\/","og_locale":"fr_FR","og_type":"article","og_title":"Notre Terrain - ENCOR","og_description":"Le domaine naturiste de l\u2019association ENCOR est \u00e9tabli sur un terrain situ\u00e9 sur une partie du massif dunaire, fossile de la charmante&nbsp; commune de Oye-Plage. Ce terrain enti\u00e8rement cl\u00f4tur\u00e9, accessible uniquement aux membres et&nbsp; invit\u00e9s, est \u00e0 l\u2019abri des regards indiscrets. Ses 18 ha sont constitu\u00e9s de sable blanc, d\u2019argousiers, d\u2019arbustes et d\u2019arbres aux essences &hellip; Lire la suite de\u00ab\u00a0Notre Terrain\u00a0\u00bb","og_url":"https:\/\/encor-naturisme.com\/index.php\/notre-terrain\/","og_site_name":"ENCOR","article_publisher":"https:\/\/www.facebook.com\/p\/Association-de-lENCOR-lan-Naturiste-de-la-Cte-dOpale-et-sa-Rgion-100087619676619\/","article_modified_time":"2025-04-10T15:00:52+00:00","og_image":[{"width":2560,"height":1714,"url":"https:\/\/encor-naturisme.com\/wp-content\/uploads\/2023\/11\/IMGP4178-scaled.jpg","type":"image\/jpeg"}],"twitter_card":"summary_large_image","twitter_misc":{"Dur\u00e9e de lecture estim\u00e9e":"5 minutes"},"schema":{"@context":"https:\/\/schema.org","@graph":[{"@type":"WebPage","@id":"https:\/\/encor-naturisme.com\/index.php\/notre-terrain\/","url":"https:\/\/encor-naturisme.com\/index.php\/notre-terrain\/","name":"Notre Terrain - ENCOR","isPartOf":{"@id":"https:\/\/encor-naturisme.com\/#website"},"primaryImageOfPage":{"@id":"https:\/\/encor-naturisme.com\/index.php\/notre-terrain\/#primaryimage"},"image":{"@id":"https:\/\/encor-naturisme.com\/index.php\/notre-terrain\/#primaryimage"},"thumbnailUrl":"https:\/\/encor-naturisme.com\/wp-content\/uploads\/2023\/11\/IMGP4178-1024x685.jpg","datePublished":"2023-11-13T16:24:26+00:00","dateModified":"2025-04-10T15:00:52+00:00","breadcrumb":{"@id":"https:\/\/encor-naturisme.com\/index.php\/notre-terrain\/#breadcrumb"},"inLanguage":"fr-FR","potentialAction":[{"@type":"ReadAction","target":["https:\/\/encor-naturisme.com\/index.php\/notre-terrain\/"]}]},{"@type":"ImageObject","inLanguage":"fr-FR","@id":"https:\/\/encor-naturisme.com\/index.php\/notre-terrain\/#primaryimage","url":"https:\/\/encor-naturisme.com\/wp-content\/uploads\/2023\/11\/IMGP4178-scaled.jpg","contentUrl":"https:\/\/encor-naturisme.com\/wp-content\/uploads\/2023\/11\/IMGP4178-scaled.jpg","width":2560,"height":1714,"caption":"promenade de groupe sur le terrain de l'encor"},{"@type":"BreadcrumbList","@id":"https:\/\/encor-naturisme.com\/index.php\/notre-terrain\/#breadcrumb","itemListElement":[{"@type":"ListItem","position":1,"name":"Accueil","item":"https:\/\/encor-naturisme.com\/"},{"@type":"ListItem","position":2,"name":"Notre Terrain"}]},{"@type":"WebSite","@id":"https:\/\/encor-naturisme.com\/#website","url":"https:\/\/encor-naturisme.com\/","name":"ENCOR Naturisme \u2013 C\u00f4te d\u2019Opale, Nord-Pas-de-Calais","description":"Association naturiste \u00e0 Oye-Plage \u2013 Libert\u00e9, nature, convivialit\u00e9","publisher":{"@id":"https:\/\/encor-naturisme.com\/#organization"},"alternateName":"\u00c9lan Naturiste de la C\u00f4te d\u2019Opale et de sa R\u00e9gion","potentialAction":[{"@type":"SearchAction","target":{"@type":"EntryPoint","urlTemplate":"https:\/\/encor-naturisme.com\/?s={search_term_string}"},"query-input":{"@type":"PropertyValueSpecification","valueRequired":true,"valueName":"search_term_string"}}],"inLanguage":"fr-FR"},{"@type":"Organization","@id":"https:\/\/encor-naturisme.com\/#organization","name":"ENCOR","alternateName":"\u00c9lan Naturiste de la C\u00f4te d'Opale et de sa R\u00e9gion","url":"https:\/\/encor-naturisme.com\/","logo":{"@type":"ImageObject","inLanguage":"fr-FR","@id":"https:\/\/encor-naturisme.com\/#\/schema\/logo\/image\/","url":"https:\/\/encor-naturisme.com\/wp-content\/uploads\/2023\/11\/cropped-logo_encor_128.png","contentUrl":"https:\/\/encor-naturisme.com\/wp-content\/uploads\/2023\/11\/cropped-logo_encor_128.png","width":181,"height":128,"caption":"ENCOR"},"image":{"@id":"https:\/\/encor-naturisme.com\/#\/schema\/logo\/image\/"},"sameAs":["https:\/\/www.facebook.com\/p\/Association-de-lENCOR-lan-Naturiste-de-la-Cte-dOpale-et-sa-Rgion-100087619676619\/"]}]}},"_links":{"self":[{"href":"https:\/\/encor-naturisme.com\/index.php\/wp-json\/wp\/v2\/pages\/103","targetHints":{"allow":["GET"]}}],"collection":[{"href":"https:\/\/encor-naturisme.com\/index.php\/wp-json\/wp\/v2\/pages"}],"about":[{"href":"https:\/\/encor-naturisme.com\/index.php\/wp-json\/wp\/v2\/types\/page"}],"author":[{"embeddable":true,"href":"https:\/\/encor-naturisme.com\/index.php\/wp-json\/wp\/v2\/users\/1"}],"replies":[{"embeddable":true,"href":"https:\/\/encor-naturisme.com\/index.php\/wp-json\/wp\/v2\/comments?post=103"}],"version-history":[{"count":12,"href":"https:\/\/encor-naturisme.com\/index.php\/wp-json\/wp\/v2\/pages\/103\/revisions"}],"predecessor-version":[{"id":304,"href":"https:\/\/encor-naturisme.com\/index.php\/wp-json\/wp\/v2\/pages\/103\/revisions\/304"}],"wp:attachment":[{"href":"https:\/\/encor-naturisme.com\/index.php\/wp-json\/wp\/v2\/media?parent=103"}],"curies":[{"name":"wp","href":"https:\/\/api.w.org\/{rel}","templated":true}]}}